{"id":9157,"date":"2025-01-09T17:42:01","date_gmt":"2025-01-09T17:42:01","guid":{"rendered":"https:\/\/edimeinter.com\/libreria\/?post_type=product&#038;p=9157"},"modified":"2025-05-13T15:43:23","modified_gmt":"2025-05-13T15:43:23","slug":"guia-farmacologica-en-psiquiatria-17a-edicion-2024-test","status":"publish","type":"product","link":"https:\/\/edimeinter.com\/libreria\/product\/guia-farmacologica-en-psiquiatria-17a-edicion-2024-test\/","title":{"rendered":"Gu\u00eda Farmacol\u00f3gica en Psiquiatr\u00eda. 17\u00aa Edici\u00f3n"},"content":{"rendered":"<p>Esta obra pretende facilitar al profesional todos los datos necesarios en el diagn\u00f3stico y tratamiento de enfermedades mentales: nombres comerciales, grupos terap\u00e9uticos, principios activos, patolog\u00edas psiqui\u00e1tricas, medicamentos con igual composici\u00f3n, laboratorios farmac\u00e9uticos y \u00faltimas altas farmac\u00e9uticas.<\/p>\n","protected":false},"excerpt":{"rendered":"<p><strong>Autores:\u00a0<\/strong>Santiago L\u00f3pez Gal\u00e1n<br \/>\n<strong>ISBN:<\/strong>\u00a09788411063197<br \/>\n<strong>Editorial:<\/strong>\u00a0Panamericana<br \/>\n<strong>Edici\u00f3n:<\/strong>\u00a017\u00aa<br \/>\n<strong>Especialidad<\/strong>: Psiquiatr\u00eda<br \/>\n<strong>P\u00e1ginas<\/strong>: 492<br \/>\n\u00a9 2024<\/p>\n","protected":false},"featured_media":9158,"comment_status":"open","ping_status":"closed","template":"","meta":{"_joinchat":[]},"product_cat":[68],"product_tag":[240,70,69],"class_list":{"0":"post-9157","1":"product","2":"type-product","3":"status-publish","4":"has-post-thumbnail","6":"product_cat-psiquiatria","7":"product_tag-240","8":"product_tag-panamericana","9":"product_tag-psiquiatria","11":"first","12":"instock","13":"featured","14":"taxable","15":"shipping-taxable","16":"purchasable","17":"product-type-simple"},"_links":{"self":[{"href":"https:\/\/edimeinter.com\/libreria\/wp-json\/wp\/v2\/product\/9157","targetHints":{"allow":["GET"]}}],"collection":[{"href":"https:\/\/edimeinter.com\/libreria\/wp-json\/wp\/v2\/product"}],"about":[{"href":"https:\/\/edimeinter.com\/libreria\/wp-json\/wp\/v2\/types\/product"}],"replies":[{"embeddable":true,"href":"https:\/\/edimeinter.com\/libreria\/wp-json\/wp\/v2\/comments?post=9157"}],"version-history":[{"count":2,"href":"https:\/\/edimeinter.com\/libreria\/wp-json\/wp\/v2\/product\/9157\/revisions"}],"predecessor-version":[{"id":15044,"href":"https:\/\/edimeinter.com\/libreria\/wp-json\/wp\/v2\/product\/9157\/revisions\/15044"}],"wp:featuredmedia":[{"embeddable":true,"href":"https:\/\/edimeinter.com\/libreria\/wp-json\/wp\/v2\/media\/9158"}],"wp:attachment":[{"href":"https:\/\/edimeinter.com\/libreria\/wp-json\/wp\/v2\/media?parent=9157"}],"wp:term":[{"taxonomy":"product_cat","embeddable":true,"href":"https:\/\/edimeinter.com\/libreria\/wp-json\/wp\/v2\/product_cat?post=9157"},{"taxonomy":"product_tag","embeddable":true,"href":"https:\/\/edimeinter.com\/libreria\/wp-json\/wp\/v2\/product_tag?post=9157"}],"curies":[{"name":"wp","href":"https:\/\/api.w.org\/{rel}","templated":true}]}}