{"id":9171,"date":"2025-01-09T22:00:07","date_gmt":"2025-01-09T22:00:07","guid":{"rendered":"https:\/\/edimeinter.com\/libreria\/?post_type=product&#038;p=9171"},"modified":"2025-03-09T20:51:12","modified_gmt":"2025-03-09T20:51:12","slug":"guia-farmacologica-en-psiquiatria-17a-edicion-copia","status":"publish","type":"product","link":"https:\/\/edimeinter.com\/libreria\/product\/guia-farmacologica-en-psiquiatria-17a-edicion-copia\/","title":{"rendered":"C\u00e1ncer de mama. Bases cl\u00ednico-moleculares y manejo integral. 1\u00aa Edici\u00f3n"},"content":{"rendered":"\t\t<div data-elementor-type=\"wp-post\" data-elementor-id=\"9171\" class=\"elementor elementor-9171\">\n\t\t\t\t<div class=\"elementor-element elementor-element-465da897 e-flex e-con-boxed e-con e-parent\" data-id=\"465da897\" data-element_type=\"container\" data-e-type=\"container\">\n\t\t\t\t\t<div class=\"e-con-inner\">\n\t\t\n\t\t<div class=\"elementor-element elementor-element-76ad50c8 elementor-widget elementor-widget-text-editor\" data-id=\"76ad50c8\" data-element_type=\"widget\" data-e-type=\"widget\" data-widget_type=\"text-editor.default\">\n\t\t\t\t<div class=\"elementor-widget-container\">\n\t\t\t\t\t\t\t\t\t<p>El libro trata sobre la principal patolog\u00eda oncol\u00f3gica en la mujer, el c\u00e1ncer de mama. Proporciona al lector informaci\u00f3n actualizada sobre avances importantes en la comprensi\u00f3n del c\u00e1ncer de mama, sus bases moleculares, origen y enfoques innovadores para su prevenci\u00f3n, diagn\u00f3stico y tratamiento. Est\u00e1 compuesto por 25 cap\u00edtulos desarrollados por expertos en la materia que se distribuyen en secciones que permiten al lector la consulta r\u00e1pida del tema de inter\u00e9s. La tem\u00e1tica incluye los aspectos epidemiol\u00f3gicos, los factores de riesgo y mecanismos que llevan a la formaci\u00f3n de los diversos histotipos de c\u00e1ncer de mama. Se incluyen las nuevas modalidades de diagn\u00f3stico molecular, su aplicaci\u00f3n cl\u00ednica y sus diversas modalidades de tratamiento locorregional y sist\u00e9mico. Se desarrollan t\u00f3picos especiales como el c\u00e1ncer de mama en hombres, hereditario, asociado al embarazo, inflamatorio, Paget, Phyllodes, as\u00ed como las diversas estrategias de prevenci\u00f3n. Cada cap\u00edtulo est\u00e1 desarrollado con amplitud en un lenguaje accesible y actualizado.<\/p>\t\t\t\t\t\t\t\t<\/div>\n\t\t\t\t<\/div>\n\t\t\t\t\t<\/div>\n\t\t\t\t<\/div>\n\t\t\t\t<\/div>\n\t\t","protected":false},"excerpt":{"rendered":"<p><strong>Autores:\u00a0<\/strong>Marco Antonio Ter\u00e1n Porcayo<br \/>\n<strong>ISBN:<\/strong>\u00a09786078546893<br \/>\n<strong>Editorial:<\/strong>\u00a0Panamericana<br \/>\n<strong>Edici\u00f3n:<\/strong>\u00a01\u00aa<br \/>\n<strong>Especialidad<\/strong>: Oncolog\u00eda<br \/>\n<strong>P\u00e1ginas<\/strong>:\u00a0724<br \/>\n\u00a9 2024<\/p>\n","protected":false},"featured_media":9352,"comment_status":"open","ping_status":"open","template":"","meta":{"_joinchat":[]},"product_cat":[77],"product_tag":[240,78,70],"class_list":{"0":"post-9171","1":"product","2":"type-product","3":"status-publish","4":"has-post-thumbnail","6":"product_cat-oncologia","7":"product_tag-240","8":"product_tag-oncologia","9":"product_tag-panamericana","11":"first","12":"instock","13":"featured","14":"taxable","15":"shipping-taxable","16":"purchasable","17":"product-type-simple"},"_links":{"self":[{"href":"https:\/\/edimeinter.com\/libreria\/wp-json\/wp\/v2\/product\/9171","targetHints":{"allow":["GET"]}}],"collection":[{"href":"https:\/\/edimeinter.com\/libreria\/wp-json\/wp\/v2\/product"}],"about":[{"href":"https:\/\/edimeinter.com\/libreria\/wp-json\/wp\/v2\/types\/product"}],"replies":[{"embeddable":true,"href":"https:\/\/edimeinter.com\/libreria\/wp-json\/wp\/v2\/comments?post=9171"}],"version-history":[{"count":1,"href":"https:\/\/edimeinter.com\/libreria\/wp-json\/wp\/v2\/product\/9171\/revisions"}],"predecessor-version":[{"id":14875,"href":"https:\/\/edimeinter.com\/libreria\/wp-json\/wp\/v2\/product\/9171\/revisions\/14875"}],"wp:featuredmedia":[{"embeddable":true,"href":"https:\/\/edimeinter.com\/libreria\/wp-json\/wp\/v2\/media\/9352"}],"wp:attachment":[{"href":"https:\/\/edimeinter.com\/libreria\/wp-json\/wp\/v2\/media?parent=9171"}],"wp:term":[{"taxonomy":"product_cat","embeddable":true,"href":"https:\/\/edimeinter.com\/libreria\/wp-json\/wp\/v2\/product_cat?post=9171"},{"taxonomy":"product_tag","embeddable":true,"href":"https:\/\/edimeinter.com\/libreria\/wp-json\/wp\/v2\/product_tag?post=9171"}],"curies":[{"name":"wp","href":"https:\/\/api.w.org\/{rel}","templated":true}]}}