{"id":9632,"date":"2025-02-01T16:58:28","date_gmt":"2025-02-01T16:58:28","guid":{"rendered":"https:\/\/edimeinter.com\/libreria\/?post_type=product&#038;p=9632"},"modified":"2025-03-09T20:01:46","modified_gmt":"2025-03-09T20:01:46","slug":"diagnostico-por-la-imagen-para-fisioterapeutas-incluye-ebook-1a-edicion","status":"publish","type":"product","link":"https:\/\/edimeinter.com\/libreria\/product\/diagnostico-por-la-imagen-para-fisioterapeutas-incluye-ebook-1a-edicion\/","title":{"rendered":"Diagn\u00f3stico por la Imagen para Fisioterapeutas. Incluye eBook. 1\u00aa Edici\u00f3n"},"content":{"rendered":"\t\t<div data-elementor-type=\"wp-post\" data-elementor-id=\"9632\" class=\"elementor elementor-9632\">\n\t\t\t\t<div class=\"elementor-element elementor-element-2612b12 e-flex e-con-boxed e-con e-parent\" data-id=\"2612b12\" data-element_type=\"container\" data-e-type=\"container\">\n\t\t\t\t\t<div class=\"e-con-inner\">\n\t\t\n\t\t<div class=\"elementor-element elementor-element-498707ae elementor-widget elementor-widget-text-editor\" data-id=\"498707ae\" data-element_type=\"widget\" data-e-type=\"widget\" data-widget_type=\"text-editor.default\">\n\t\t\t\t<div class=\"elementor-widget-container\">\n\t\t\t\t\t\t\t\t\t<p>Este libro ofrece una completa visi\u00f3n de la anatom\u00eda radiol\u00f3gica y de la monitorizaci\u00f3n de las afecciones medicoquir\u00fargicas. Est\u00e1 estructurado por \u00f3rganos y sistemas, orient\u00e1ndose hacia una radiolog\u00eda cl\u00ednica en permanente correlaci\u00f3n entre la interpretaci\u00f3n de la prueba de imagen y la cl\u00ednica del paciente.<\/p>\t\t\t\t\t\t\t\t<\/div>\n\t\t\t\t<\/div>\n\t\t\t\t\t<\/div>\n\t\t\t\t<\/div>\n\t\t\t\t<\/div>\n\t\t","protected":false},"excerpt":{"rendered":"<p><strong>Autores:\u00a0<\/strong>Jes\u00fas Seco Calvo, Estanislao Arana Fern\u00e1ndez De Moya, \u00d3scar Balboa Arregui, Ma. Jes\u00fas Mart\u00ednez Mier, Jorge Mario S\u00e1nchez Reyes<br \/>\n<strong>ISBN:<\/strong>\u00a09788411061810<br \/>\n<strong>Editorial:<\/strong>\u00a0Panamericana<br \/>\n<strong>Edici\u00f3n:<\/strong>\u00a01\u00aa<br \/>\n<strong>Especialidad<\/strong>: Fisioterapia, Kinesiolog\u00eda y Fisiatr\u00eda<br \/>\n<strong>P\u00e1ginas<\/strong>: 492<br \/>\n\u00a9 2025<\/p>\n","protected":false},"featured_media":9633,"comment_status":"open","ping_status":"open","template":"","meta":{"_joinchat":[]},"product_cat":[80],"product_tag":[239,81,70],"class_list":{"0":"post-9632","1":"product","2":"type-product","3":"status-publish","4":"has-post-thumbnail","6":"product_cat-diagnostico-por-imagenes","7":"product_tag-239","8":"product_tag-diagnostico-por-imagenes","9":"product_tag-panamericana","11":"first","12":"instock","13":"featured","14":"taxable","15":"shipping-taxable","16":"purchasable","17":"product-type-simple"},"_links":{"self":[{"href":"https:\/\/edimeinter.com\/libreria\/wp-json\/wp\/v2\/product\/9632","targetHints":{"allow":["GET"]}}],"collection":[{"href":"https:\/\/edimeinter.com\/libreria\/wp-json\/wp\/v2\/product"}],"about":[{"href":"https:\/\/edimeinter.com\/libreria\/wp-json\/wp\/v2\/types\/product"}],"replies":[{"embeddable":true,"href":"https:\/\/edimeinter.com\/libreria\/wp-json\/wp\/v2\/comments?post=9632"}],"version-history":[{"count":1,"href":"https:\/\/edimeinter.com\/libreria\/wp-json\/wp\/v2\/product\/9632\/revisions"}],"predecessor-version":[{"id":14878,"href":"https:\/\/edimeinter.com\/libreria\/wp-json\/wp\/v2\/product\/9632\/revisions\/14878"}],"wp:featuredmedia":[{"embeddable":true,"href":"https:\/\/edimeinter.com\/libreria\/wp-json\/wp\/v2\/media\/9633"}],"wp:attachment":[{"href":"https:\/\/edimeinter.com\/libreria\/wp-json\/wp\/v2\/media?parent=9632"}],"wp:term":[{"taxonomy":"product_cat","embeddable":true,"href":"https:\/\/edimeinter.com\/libreria\/wp-json\/wp\/v2\/product_cat?post=9632"},{"taxonomy":"product_tag","embeddable":true,"href":"https:\/\/edimeinter.com\/libreria\/wp-json\/wp\/v2\/product_tag?post=9632"}],"curies":[{"name":"wp","href":"https:\/\/api.w.org\/{rel}","templated":true}]}}