{"id":9639,"date":"2025-02-01T17:08:31","date_gmt":"2025-02-01T17:08:31","guid":{"rendered":"https:\/\/edimeinter.com\/libreria\/?post_type=product&#038;p=9639"},"modified":"2025-07-23T16:40:31","modified_gmt":"2025-07-23T16:40:31","slug":"nogue-toxicologia-clinica-2a-edicion","status":"publish","type":"product","link":"https:\/\/edimeinter.com\/libreria\/product\/nogue-toxicologia-clinica-2a-edicion\/","title":{"rendered":"Nogu\u00e9. Toxicolog\u00eda cl\u00ednica. 2\u00aa Edici\u00f3n"},"content":{"rendered":"\t\t<div data-elementor-type=\"wp-post\" data-elementor-id=\"9639\" class=\"elementor elementor-9639\">\n\t\t\t\t<div class=\"elementor-element elementor-element-2612b12 e-flex e-con-boxed e-con e-parent\" data-id=\"2612b12\" data-element_type=\"container\" data-e-type=\"container\">\n\t\t\t\t\t<div class=\"e-con-inner\">\n\t\t\n\t\t<div class=\"elementor-element elementor-element-498707ae elementor-widget elementor-widget-text-editor\" data-id=\"498707ae\" data-element_type=\"widget\" data-e-type=\"widget\" data-widget_type=\"text-editor.default\">\n\t\t\t\t<div class=\"elementor-widget-container\">\n\t\t\t\t\t\t\t\t\t<p>Nogu\u00e9. Toxicolog\u00eda cl\u00ednica es una obra concebida para desarrollar el conocimiento actual sobre los diversos aspectos relacionados con la atenci\u00f3n al paciente intoxicado. Tras el \u00e9xito de la primera, esta nueva edici\u00f3n vuelve a poner a disposici\u00f3n del lector un exhaustivo y actualizado contenido que permite iniciarse o profundizar en aspectos generales sobre la exposici\u00f3n humana a los agentes t\u00f3xicos, consultar directrices terap\u00e9uticas para signos y s\u00edntomas concretos, y disponer de una informaci\u00f3n actualizada y completa sobre un gran n\u00famero de t\u00f3xicos. La obra se estructura en ocho secciones que abordan la epidemiolog\u00eda, la fisiopatolog\u00eda, el diagn\u00f3stico, las bases terap\u00e9uticas, las intoxicaciones en poblaciones especiales, la derivaci\u00f3n del paciente intoxicado, otros aspectos relacionados con las intoxicaciones y una completa selecci\u00f3n de casi 400 t\u00f3xicos (incluyendo medicamentos, drogas de abuso, productos de uso dom\u00e9stico, agr\u00edcola o industrial, setas y plantas t\u00f3xicas, y animales ponzo\u00f1osos, entre otros) que se presentan en un formato que facilita la consulta r\u00e1pida para la toma inmediata de decisiones en la pr\u00e1ctica asistencial.<\/p>\t\t\t\t\t\t\t\t<\/div>\n\t\t\t\t<\/div>\n\t\t\t\t\t<\/div>\n\t\t\t\t<\/div>\n\t\t\t\t<\/div>\n\t\t","protected":false},"excerpt":{"rendered":"<p><strong>Autores:<\/strong>\u00a0Santiago Nogu\u00e9 Xarau &amp; Emilio Jos\u00e9 Salgado Garc\u00eda &amp; Lidia Mart\u00ednez S\u00e1nchez<br \/>\n<strong>ISBN:<\/strong>\u00a09788413824048<br \/>\n<strong>Editorial:<\/strong>\u00a0Elsevier<br \/>\n<strong>Edici\u00f3n:<\/strong>\u00a02\u00aa<br \/>\n<strong>Especialidad<\/strong>: Medicina de Urgencias y Emergencias<br \/>\n<strong>P\u00e1ginas<\/strong>: 776<br \/>\n\u00a9 2024<\/p>\n","protected":false},"featured_media":9640,"comment_status":"open","ping_status":"closed","template":"","meta":{"_joinchat":[]},"product_cat":[83],"product_tag":[240,85,84],"class_list":{"0":"post-9639","1":"product","2":"type-product","3":"status-publish","4":"has-post-thumbnail","6":"product_cat-medicina-de-urgencias-y-emergencias","7":"product_tag-240","8":"product_tag-elsevier","9":"product_tag-medicina-de-urgencias-y-emergencias","11":"first","12":"instock","13":"featured","14":"taxable","15":"shipping-taxable","16":"purchasable","17":"product-type-simple"},"_links":{"self":[{"href":"https:\/\/edimeinter.com\/libreria\/wp-json\/wp\/v2\/product\/9639","targetHints":{"allow":["GET"]}}],"collection":[{"href":"https:\/\/edimeinter.com\/libreria\/wp-json\/wp\/v2\/product"}],"about":[{"href":"https:\/\/edimeinter.com\/libreria\/wp-json\/wp\/v2\/types\/product"}],"replies":[{"embeddable":true,"href":"https:\/\/edimeinter.com\/libreria\/wp-json\/wp\/v2\/comments?post=9639"}],"version-history":[{"count":1,"href":"https:\/\/edimeinter.com\/libreria\/wp-json\/wp\/v2\/product\/9639\/revisions"}],"predecessor-version":[{"id":14879,"href":"https:\/\/edimeinter.com\/libreria\/wp-json\/wp\/v2\/product\/9639\/revisions\/14879"}],"wp:featuredmedia":[{"embeddable":true,"href":"https:\/\/edimeinter.com\/libreria\/wp-json\/wp\/v2\/media\/9640"}],"wp:attachment":[{"href":"https:\/\/edimeinter.com\/libreria\/wp-json\/wp\/v2\/media?parent=9639"}],"wp:term":[{"taxonomy":"product_cat","embeddable":true,"href":"https:\/\/edimeinter.com\/libreria\/wp-json\/wp\/v2\/product_cat?post=9639"},{"taxonomy":"product_tag","embeddable":true,"href":"https:\/\/edimeinter.com\/libreria\/wp-json\/wp\/v2\/product_tag?post=9639"}],"curies":[{"name":"wp","href":"https:\/\/api.w.org\/{rel}","templated":true}]}}