{"id":9646,"date":"2025-02-01T17:12:58","date_gmt":"2025-02-01T17:12:58","guid":{"rendered":"https:\/\/edimeinter.com\/libreria\/?post_type=product&#038;p=9646"},"modified":"2025-03-09T20:50:42","modified_gmt":"2025-03-09T20:50:42","slug":"manual-de-crisis-en-anestesia-y-pacientes-criticos-sensar-3a-edicion","status":"publish","type":"product","link":"https:\/\/edimeinter.com\/libreria\/product\/manual-de-crisis-en-anestesia-y-pacientes-criticos-sensar-3a-edicion\/","title":{"rendered":"Manual de crisis en anestesia y pacientes cr\u00edticos SENSAR. 3\u00aa Edici\u00f3n"},"content":{"rendered":"\t\t<div data-elementor-type=\"wp-post\" data-elementor-id=\"9646\" class=\"elementor elementor-9646\">\n\t\t\t\t<div class=\"elementor-element elementor-element-2612b12 e-flex e-con-boxed e-con e-parent\" data-id=\"2612b12\" data-element_type=\"container\" data-e-type=\"container\">\n\t\t\t\t\t<div class=\"e-con-inner\">\n\t\t\n\t\t<div class=\"elementor-element elementor-element-498707ae elementor-widget elementor-widget-text-editor\" data-id=\"498707ae\" data-element_type=\"widget\" data-e-type=\"widget\" data-widget_type=\"text-editor.default\">\n\t\t\t\t<div class=\"elementor-widget-container\">\n\t\t\t\t\t\t\t\t\t<p>Este manual, promovido por el Sistema Espa\u00f1ol de Notificaci\u00f3n en Seguridad en Anestesia y Reanimaci\u00f3n (SENSAR), tiene como objetivo servir de \u201cayuda cognitiva a los profesionales que se enfrentan a situaciones de crisis tanto en el quir\u00f3fano como vinculados a pacientes cr\u00edticos. Este proyecto est\u00e1 enmarcado en la l\u00ednea estrat\u00e9gica de SENSAR de potenciar todos los aspectos relacionados con un mejor manejo de situaciones de crisis. El contenido del libro est\u00e1 en consonancia con los Planes Estrat\u00e9gicos de Seguridad del Paciente, tanto nacionales como de las comunidades aut\u00f3nomas, en los que se defiende la potenciaci\u00f3n de herramientas para un mejor desempe\u00f1o del profesional, y en concreto para la divulgaci\u00f3n de ayudas cognitivas para situaciones de crisis. El objetivo: que se alcance un alto porcentaje de quir\u00f3fanos con un ejemplar colgando del respirador. Ideado para que est\u00e9 presente en todos los quir\u00f3fanos y espacios de atenci\u00f3n al paciente agudo como una ayuda cognitiva que ayude en la resoluci\u00f3n de crisis durante la anestesia o en el tratamiento del paciente cr\u00edtico, el Manual de Crisis en anestesia y pacientes cr\u00edticos SENSAR incorpora las \u00faltimas recomendaciones en situaciones de parada cardiorrespiratoria, en crisis generales y espec\u00edficas de quir\u00f3fano y el entorno del paciente cr\u00edtico y listados de verificaci\u00f3n para la prevenci\u00f3n y el manejo de la postcrisis en cap\u00edtulos de f\u00e1cil acceso mediante un sistema de pesta\u00f1as de colores. Cada cap\u00edtulo se centra en una crisis y las acciones a realizar en la crisis, quedan resaltadas en un recuadro visible en el que se prioriza el orden recomendado para dar cada uno de los pasos a realizar.<\/p>\t\t\t\t\t\t\t\t<\/div>\n\t\t\t\t<\/div>\n\t\t\t\t\t<\/div>\n\t\t\t\t<\/div>\n\t\t\t\t<\/div>\n\t\t","protected":false},"excerpt":{"rendered":"<p><strong>Autores:<\/strong>\u00a0SENSAR &amp; Fernando Cassinello Plaza &amp; Daniel Arnal Velasco &amp; Juan Ignacio G\u00f3mez Arnau &amp; David C. Borshoff<br \/>\n<strong>ISBN:<\/strong>\u00a09788413826684<br \/>\n<strong>Editorial:<\/strong>\u00a0Elsevier<br \/>\n<strong>Edici\u00f3n:<\/strong>\u00a03\u00aa<br \/>\n<strong>Especialidad<\/strong>: Anestesiolog\u00eda y Reanimaci\u00f3n<br \/>\n<strong>P\u00e1ginas<\/strong>:\u00a0136<br \/>\n\u00a9 2024<\/p>\n","protected":false},"featured_media":9647,"comment_status":"open","ping_status":"open","template":"","meta":{"_joinchat":[]},"product_cat":[86],"product_tag":[240,87,85],"class_list":{"0":"post-9646","1":"product","2":"type-product","3":"status-publish","4":"has-post-thumbnail","6":"product_cat-anestesiologia-y-reanimacion","7":"product_tag-240","8":"product_tag-anestesiologia-y-reanimacion","9":"product_tag-elsevier","11":"first","12":"instock","13":"featured","14":"taxable","15":"shipping-taxable","16":"purchasable","17":"product-type-simple"},"_links":{"self":[{"href":"https:\/\/edimeinter.com\/libreria\/wp-json\/wp\/v2\/product\/9646","targetHints":{"allow":["GET"]}}],"collection":[{"href":"https:\/\/edimeinter.com\/libreria\/wp-json\/wp\/v2\/product"}],"about":[{"href":"https:\/\/edimeinter.com\/libreria\/wp-json\/wp\/v2\/types\/product"}],"replies":[{"embeddable":true,"href":"https:\/\/edimeinter.com\/libreria\/wp-json\/wp\/v2\/comments?post=9646"}],"version-history":[{"count":1,"href":"https:\/\/edimeinter.com\/libreria\/wp-json\/wp\/v2\/product\/9646\/revisions"}],"predecessor-version":[{"id":14880,"href":"https:\/\/edimeinter.com\/libreria\/wp-json\/wp\/v2\/product\/9646\/revisions\/14880"}],"wp:featuredmedia":[{"embeddable":true,"href":"https:\/\/edimeinter.com\/libreria\/wp-json\/wp\/v2\/media\/9647"}],"wp:attachment":[{"href":"https:\/\/edimeinter.com\/libreria\/wp-json\/wp\/v2\/media?parent=9646"}],"wp:term":[{"taxonomy":"product_cat","embeddable":true,"href":"https:\/\/edimeinter.com\/libreria\/wp-json\/wp\/v2\/product_cat?post=9646"},{"taxonomy":"product_tag","embeddable":true,"href":"https:\/\/edimeinter.com\/libreria\/wp-json\/wp\/v2\/product_tag?post=9646"}],"curies":[{"name":"wp","href":"https:\/\/api.w.org\/{rel}","templated":true}]}}