{"id":9665,"date":"2025-02-01T17:22:07","date_gmt":"2025-02-01T17:22:07","guid":{"rendered":"https:\/\/edimeinter.com\/libreria\/?post_type=product&#038;p=9665"},"modified":"2025-03-09T20:48:53","modified_gmt":"2025-03-09T20:48:53","slug":"programa-para-mejorar-la-gestion-del-dolor-cronico-1a-edicion","status":"publish","type":"product","link":"https:\/\/edimeinter.com\/libreria\/product\/programa-para-mejorar-la-gestion-del-dolor-cronico-1a-edicion\/","title":{"rendered":"Programa para mejorar la gesti\u00f3n del dolor cr\u00f3nico. 1\u00aa Edici\u00f3n"},"content":{"rendered":"\t\t<div data-elementor-type=\"wp-post\" data-elementor-id=\"9665\" class=\"elementor elementor-9665\">\n\t\t\t\t<div class=\"elementor-element elementor-element-2612b12 e-flex e-con-boxed e-con e-parent\" data-id=\"2612b12\" data-element_type=\"container\" data-e-type=\"container\">\n\t\t\t\t\t<div class=\"e-con-inner\">\n\t\t\n\t\t<div class=\"elementor-element elementor-element-498707ae elementor-widget elementor-widget-text-editor\" data-id=\"498707ae\" data-element_type=\"widget\" data-e-type=\"widget\" data-widget_type=\"text-editor.default\">\n\t\t\t\t<div class=\"elementor-widget-container\">\n\t\t\t\t\t\t\t\t\t<p>Este libro est\u00e1 pensado para el paciente, concebido como una aut\u00e9ntica gu\u00eda pr\u00e1ctica, es una herramienta de seguimiento y de motivaci\u00f3n que le ayudar\u00e1 a centrarse en su objetivo, a no cejar en sus esfuerzos por mitigar el dolor cotidiano y a recuperar la calidad de vida. Las distintas intervenciones psicol\u00f3gicas incluidas no pretenden curar el dolor, sino ayudar a los pacientes a desarrollar recursos psicol\u00f3gicos y a adoptar herramientas eficaces para afrontar mejor el sufrimiento.<\/p>\t\t\t\t\t\t\t\t<\/div>\n\t\t\t\t<\/div>\n\t\t\t\t\t<\/div>\n\t\t\t\t<\/div>\n\t\t\t\t<\/div>\n\t\t","protected":false},"excerpt":{"rendered":"<p><strong>Autores:<\/strong>\u00a0Carolina Baeza-Velasco &amp; Catherine Bungener<br \/>\n<strong>ISBN:<\/strong>\u00a09788413826851<br \/>\n<strong>Editorial:<\/strong>\u00a0Elsevier<br \/>\n<strong>Edici\u00f3n:<\/strong>\u00a01\u00aa<br \/>\n<strong>Especialidad<\/strong>: Psicolog\u00eda<br \/>\n<strong>P\u00e1ginas<\/strong>:\u00a0208<br \/>\n\u00a9 2024<\/p>\n","protected":false},"featured_media":9666,"comment_status":"open","ping_status":"open","template":"","meta":{"_joinchat":[]},"product_cat":[88],"product_tag":[240,85,89],"class_list":{"0":"post-9665","1":"product","2":"type-product","3":"status-publish","4":"has-post-thumbnail","6":"product_cat-psicologia","7":"product_tag-240","8":"product_tag-elsevier","9":"product_tag-psicologia","11":"first","12":"instock","13":"featured","14":"taxable","15":"shipping-taxable","16":"purchasable","17":"product-type-simple"},"_links":{"self":[{"href":"https:\/\/edimeinter.com\/libreria\/wp-json\/wp\/v2\/product\/9665","targetHints":{"allow":["GET"]}}],"collection":[{"href":"https:\/\/edimeinter.com\/libreria\/wp-json\/wp\/v2\/product"}],"about":[{"href":"https:\/\/edimeinter.com\/libreria\/wp-json\/wp\/v2\/types\/product"}],"replies":[{"embeddable":true,"href":"https:\/\/edimeinter.com\/libreria\/wp-json\/wp\/v2\/comments?post=9665"}],"version-history":[{"count":1,"href":"https:\/\/edimeinter.com\/libreria\/wp-json\/wp\/v2\/product\/9665\/revisions"}],"predecessor-version":[{"id":14883,"href":"https:\/\/edimeinter.com\/libreria\/wp-json\/wp\/v2\/product\/9665\/revisions\/14883"}],"wp:featuredmedia":[{"embeddable":true,"href":"https:\/\/edimeinter.com\/libreria\/wp-json\/wp\/v2\/media\/9666"}],"wp:attachment":[{"href":"https:\/\/edimeinter.com\/libreria\/wp-json\/wp\/v2\/media?parent=9665"}],"wp:term":[{"taxonomy":"product_cat","embeddable":true,"href":"https:\/\/edimeinter.com\/libreria\/wp-json\/wp\/v2\/product_cat?post=9665"},{"taxonomy":"product_tag","embeddable":true,"href":"https:\/\/edimeinter.com\/libreria\/wp-json\/wp\/v2\/product_tag?post=9665"}],"curies":[{"name":"wp","href":"https:\/\/api.w.org\/{rel}","templated":true}]}}