{"id":9674,"date":"2025-02-01T17:28:29","date_gmt":"2025-02-01T17:28:29","guid":{"rendered":"https:\/\/edimeinter.com\/libreria\/?post_type=product&#038;p=9674"},"modified":"2025-12-29T20:20:59","modified_gmt":"2025-12-29T20:20:59","slug":"stoklosa-y-ansel-calculos-farmaceuticos-16a-edicion","status":"publish","type":"product","link":"https:\/\/edimeinter.com\/libreria\/product\/stoklosa-y-ansel-calculos-farmaceuticos-16a-edicion\/","title":{"rendered":"Stoklosa y Ansel. C\u00e1lculos farmac\u00e9uticos. 16\u00aa Edici\u00f3n"},"content":{"rendered":"\t\t<div data-elementor-type=\"wp-post\" data-elementor-id=\"9674\" class=\"elementor elementor-9674\">\n\t\t\t\t<div class=\"elementor-element elementor-element-5908ecf6 e-flex e-con-boxed e-con e-parent\" data-id=\"5908ecf6\" data-element_type=\"container\" data-e-type=\"container\">\n\t\t\t\t\t<div class=\"e-con-inner\">\n\t\t\n\t\t<div class=\"elementor-element elementor-element-40cd427e elementor-widget elementor-widget-text-editor\" data-id=\"40cd427e\" data-element_type=\"widget\" data-e-type=\"widget\" data-widget_type=\"text-editor.default\">\n\t\t\t\t<div class=\"elementor-widget-container\">\n\t\t\t\t\t\t\t\t\t<p>Los c\u00e1lculos en farmacia son variados, amplios e incluyen aquellos realizados por los farmac\u00e9uticos en la pr\u00e1ctica tradicional y especializada, y en las \u00e1reas operativas y de investigaci\u00f3n de la industria, el mundo acad\u00e9mico y la administraci\u00f3n p\u00fablica.<br \/><b><\/b><\/p><p><b>Stoklosa y Ansel. C\u00e1lculos farmac\u00e9uticos\u00a0<\/b>presenta los fundamentos de todos estos c\u00e1lculos, aplicables a la pr\u00e1ctica farmac\u00e9utica en la comunidad, el sistema sanitario y el entorno de la industria. Considerada el est\u00e1ndar de referencia para los c\u00e1lculos farmac\u00e9uticos y ampliamente aclamada, esta obra abarca la gama completa de c\u00e1lculos que los estudiantes de farmacia deben aprender para llevar a cabo una pr\u00e1ctica farmac\u00e9utica exitosa, incluidas dosificaci\u00f3n, preparaci\u00f3n de f\u00f3rmulas, conversiones m\u00e9tricas y m\u00e1s.<br \/>Rigurosamente revisada por profesionales y educadores, y extensamente actualizada, la 16.\u00aa edici\u00f3n mantiene altos est\u00e1ndares tanto para los requisitos acad\u00e9micos como para la pr\u00e1ctica b\u00e1sica, a la vez que ofrece la cobertura m\u00e1s completa y profunda de los c\u00e1lculos farmac\u00e9uticos disponibles.<\/p>\t\t\t\t\t\t\t\t<\/div>\n\t\t\t\t<\/div>\n\t\t\t\t\t<\/div>\n\t\t\t\t<\/div>\n\t\t\t\t<\/div>\n\t\t","protected":false},"excerpt":{"rendered":"<p><strong>Autores:<\/strong>\u00a0Shelly J Stockton PhD, RPh<br \/>\n<strong>ISBN:<\/strong>\u00a09788419663641<br \/>\n<strong>Editorial:<\/strong>\u00a0WOLTERS KLUWER<br \/>\n<strong>Edici\u00f3n:<\/strong>\u00a016\u00aa<br \/>\n<strong>Especialidad<\/strong>: Bioqu\u00edmica<br \/>\n<strong>P\u00e1ginas<\/strong>: 480<br \/>\n\u00a9 2024<\/p>\n","protected":false},"featured_media":9675,"comment_status":"open","ping_status":"closed","template":"","meta":{"_joinchat":[]},"product_cat":[90,68],"product_tag":[240,91,92],"class_list":{"0":"post-9674","1":"product","2":"type-product","3":"status-publish","4":"has-post-thumbnail","6":"product_cat-bioquimica","7":"product_cat-psiquiatria","8":"product_tag-240","9":"product_tag-bioquimica","10":"product_tag-wolters-kluwer","12":"first","13":"instock","14":"featured","15":"taxable","16":"shipping-taxable","17":"purchasable","18":"product-type-simple"},"_links":{"self":[{"href":"https:\/\/edimeinter.com\/libreria\/wp-json\/wp\/v2\/product\/9674","targetHints":{"allow":["GET"]}}],"collection":[{"href":"https:\/\/edimeinter.com\/libreria\/wp-json\/wp\/v2\/product"}],"about":[{"href":"https:\/\/edimeinter.com\/libreria\/wp-json\/wp\/v2\/types\/product"}],"replies":[{"embeddable":true,"href":"https:\/\/edimeinter.com\/libreria\/wp-json\/wp\/v2\/comments?post=9674"}],"version-history":[{"count":1,"href":"https:\/\/edimeinter.com\/libreria\/wp-json\/wp\/v2\/product\/9674\/revisions"}],"predecessor-version":[{"id":14884,"href":"https:\/\/edimeinter.com\/libreria\/wp-json\/wp\/v2\/product\/9674\/revisions\/14884"}],"wp:featuredmedia":[{"embeddable":true,"href":"https:\/\/edimeinter.com\/libreria\/wp-json\/wp\/v2\/media\/9675"}],"wp:attachment":[{"href":"https:\/\/edimeinter.com\/libreria\/wp-json\/wp\/v2\/media?parent=9674"}],"wp:term":[{"taxonomy":"product_cat","embeddable":true,"href":"https:\/\/edimeinter.com\/libreria\/wp-json\/wp\/v2\/product_cat?post=9674"},{"taxonomy":"product_tag","embeddable":true,"href":"https:\/\/edimeinter.com\/libreria\/wp-json\/wp\/v2\/product_tag?post=9674"}],"curies":[{"name":"wp","href":"https:\/\/api.w.org\/{rel}","templated":true}]}}