{"id":9680,"date":"2025-02-01T17:32:09","date_gmt":"2025-02-01T17:32:09","guid":{"rendered":"https:\/\/edimeinter.com\/libreria\/?post_type=product&#038;p=9680"},"modified":"2026-01-13T19:48:20","modified_gmt":"2026-01-13T19:48:20","slug":"small-guia-practica-de-procedimientos-con-toxina-botulinica-2a-edicion","status":"publish","type":"product","link":"https:\/\/edimeinter.com\/libreria\/product\/small-guia-practica-de-procedimientos-con-toxina-botulinica-2a-edicion\/","title":{"rendered":"Small. Gu\u00eda pr\u00e1ctica de procedimientos con toxina botul\u00ednica. 2\u00aa Edici\u00f3n"},"content":{"rendered":"\t\t<div data-elementor-type=\"wp-post\" data-elementor-id=\"9680\" class=\"elementor elementor-9680\">\n\t\t\t\t<div class=\"elementor-element elementor-element-5908ecf6 e-flex e-con-boxed e-con e-parent\" data-id=\"5908ecf6\" data-element_type=\"container\" data-e-type=\"container\">\n\t\t\t\t\t<div class=\"e-con-inner\">\n\t\t\n\t\t<div class=\"elementor-element elementor-element-40cd427e elementor-widget elementor-widget-text-editor\" data-id=\"40cd427e\" data-element_type=\"widget\" data-e-type=\"widget\" data-widget_type=\"text-editor.default\">\n\t\t\t\t<div class=\"elementor-widget-container\">\n\t\t\t\t\t\t\t\t\t<p><b>Small. Gu\u00eda pr\u00e1ctica de procedimientos con toxina botul\u00ednica<\/b>\u00a0es la gu\u00eda mejor calificada para realizar procedimientos m\u00ednimamente invasivos con toxina botul\u00ednica paso a paso. Con m\u00e1s de 20 mil unidades vendidas en todo el mundo y traducida a seis idiomas, la primera edici\u00f3n en ingl\u00e9s se ha consolidado como el recurso imprescindible para profesionales que desean mejorar su pr\u00e1ctica al realizar procedimientos m\u00e9dicos est\u00e9ticos. En esta 2.\u00aa edici\u00f3n, las aportaciones de m\u00e1s de una d\u00e9cada de experiencia cl\u00ednica, de investigaci\u00f3n y de docencia de la Dra. Rebecca Small han creado un recurso a\u00fan m\u00e1s valioso, tanto para lectores nuevos en medicina est\u00e9tica como para profesionales experimentados.<\/p><p>Esta gu\u00eda proporciona la informaci\u00f3n y las t\u00e9cnicas m\u00e1s recientes, las mejores pr\u00e1cticas para la reducci\u00f3n de riesgos y la orientaci\u00f3n de expertos para obtener resultados \u00f3ptimos. El contenido se divide en cinco secciones que abarcan Anatom\u00eda, Introducci\u00f3n y conceptos b\u00e1sicos, Zonas de tratamiento, Casos y Ap\u00e9ndices con folletos informativos y de consentimiento para los pacientes.<\/p>\t\t\t\t\t\t\t\t<\/div>\n\t\t\t\t<\/div>\n\t\t\t\t\t<\/div>\n\t\t\t\t<\/div>\n\t\t\t\t<\/div>\n\t\t","protected":false},"excerpt":{"rendered":"<p><strong>Autores:<\/strong>\u00a0Rebecca Small MD, FAAFP<br \/>\n<strong>ISBN:<\/strong>\u00a09788410022270<br \/>\n<strong>Editorial:<\/strong>\u00a0WOLTERS KLUWER<br \/>\n<strong>Edici\u00f3n:<\/strong>\u00a02\u00aa<br \/>\n<strong>Especialidad<\/strong>: Medicina Est\u00e9tica<br \/>\n<strong>P\u00e1ginas<\/strong>: 336<br \/>\n\u00a9 2024<\/p>\n","protected":false},"featured_media":9681,"comment_status":"open","ping_status":"closed","template":"","meta":{"_joinchat":[]},"product_cat":[90,68],"product_tag":[240,91,92],"class_list":{"0":"post-9680","1":"product","2":"type-product","3":"status-publish","4":"has-post-thumbnail","6":"product_cat-bioquimica","7":"product_cat-psiquiatria","8":"product_tag-240","9":"product_tag-bioquimica","10":"product_tag-wolters-kluwer","12":"first","13":"instock","14":"featured","15":"taxable","16":"shipping-taxable","17":"purchasable","18":"product-type-simple"},"_links":{"self":[{"href":"https:\/\/edimeinter.com\/libreria\/wp-json\/wp\/v2\/product\/9680","targetHints":{"allow":["GET"]}}],"collection":[{"href":"https:\/\/edimeinter.com\/libreria\/wp-json\/wp\/v2\/product"}],"about":[{"href":"https:\/\/edimeinter.com\/libreria\/wp-json\/wp\/v2\/types\/product"}],"replies":[{"embeddable":true,"href":"https:\/\/edimeinter.com\/libreria\/wp-json\/wp\/v2\/comments?post=9680"}],"version-history":[{"count":1,"href":"https:\/\/edimeinter.com\/libreria\/wp-json\/wp\/v2\/product\/9680\/revisions"}],"predecessor-version":[{"id":14885,"href":"https:\/\/edimeinter.com\/libreria\/wp-json\/wp\/v2\/product\/9680\/revisions\/14885"}],"wp:featuredmedia":[{"embeddable":true,"href":"https:\/\/edimeinter.com\/libreria\/wp-json\/wp\/v2\/media\/9681"}],"wp:attachment":[{"href":"https:\/\/edimeinter.com\/libreria\/wp-json\/wp\/v2\/media?parent=9680"}],"wp:term":[{"taxonomy":"product_cat","embeddable":true,"href":"https:\/\/edimeinter.com\/libreria\/wp-json\/wp\/v2\/product_cat?post=9680"},{"taxonomy":"product_tag","embeddable":true,"href":"https:\/\/edimeinter.com\/libreria\/wp-json\/wp\/v2\/product_tag?post=9680"}],"curies":[{"name":"wp","href":"https:\/\/api.w.org\/{rel}","templated":true}]}}