{"id":9686,"date":"2025-02-01T17:34:03","date_gmt":"2025-02-01T17:34:03","guid":{"rendered":"https:\/\/edimeinter.com\/libreria\/?post_type=product&#038;p=9686"},"modified":"2025-03-09T20:41:26","modified_gmt":"2025-03-09T20:41:26","slug":"manejo-de-la-diabetes-en-atencion-primaria-abordaje-basado-en-casos-1a-edicion","status":"publish","type":"product","link":"https:\/\/edimeinter.com\/libreria\/product\/manejo-de-la-diabetes-en-atencion-primaria-abordaje-basado-en-casos-1a-edicion\/","title":{"rendered":"Manejo de la diabetes en Atenci\u00f3n primaria. Abordaje basado en casos. 1\u00aa Edici\u00f3n"},"content":{"rendered":"\t\t<div data-elementor-type=\"wp-post\" data-elementor-id=\"9686\" class=\"elementor elementor-9686\">\n\t\t\t\t<div class=\"elementor-element elementor-element-5908ecf6 e-flex e-con-boxed e-con e-parent\" data-id=\"5908ecf6\" data-element_type=\"container\" data-e-type=\"container\">\n\t\t\t\t\t<div class=\"e-con-inner\">\n\t\t\n\t\t<div class=\"elementor-element elementor-element-40cd427e elementor-widget elementor-widget-text-editor\" data-id=\"40cd427e\" data-element_type=\"widget\" data-e-type=\"widget\" data-widget_type=\"text-editor.default\">\n\t\t\t\t<div class=\"elementor-widget-container\">\n\t\t\t\t\t\t\t\t\t<p>M\u00e1s del 85% de las personas con diabetes, considerada ya una pandemia no transmisible, reciben atenci\u00f3n m\u00e9dica y cuidados en el \u00e1mbito del primer nivel de atenci\u00f3n. Por ello,\u00a0<b>Manejo de la diabetes en Atenci\u00f3n primaria. Abordaje basado en casos\u00a0<\/b>est\u00e1 dirigido al atareado profesional de atenci\u00f3n primaria, para ayudarle en su tratamiento diario de los pacientes con diabetes. Este texto tambi\u00e9n es un recurso \u00fatil para educadores en diabetes, nutricionistas, farmac\u00e9uticos cl\u00ednicos y m\u00e9dicos residentes, y relevante para cualquier persona implicada en el tratamiento o prevenci\u00f3n de la diabetes, incluidos pacientes activos comprometidos y familiares.<\/p><p>El contenido de este libro presenta alrededor de 50 casos cl\u00ednicos sobre diabetes en un formato accesible y amigable. Cada caso aborda una problem\u00e1tica cl\u00ednica frecuente a la que se enfrentan los profesionales de salud en esta com\u00fan y compleja \u00e1rea. Acompa\u00f1ando a cada caso, el Dr. Jay Shubrook, experto en diabetes, aporta su vasta experiencia, ofreciendo as\u00ed una gu\u00eda pr\u00e1ctica y fundamentada en experiencias reales para el diagn\u00f3stico y tratamiento de los pacientes que viven con diabetes.<\/p>\t\t\t\t\t\t\t\t<\/div>\n\t\t\t\t<\/div>\n\t\t\t\t\t<\/div>\n\t\t\t\t<\/div>\n\t\t\t\t<\/div>\n\t\t","protected":false},"excerpt":{"rendered":"<p><strong>Autores:<\/strong>\u00a0Jay H. Shubrook<br \/>\n<strong>ISBN:<\/strong>\u00a09788419663559<br \/>\n<strong>Editorial:<\/strong>\u00a0WOLTERS KLUWER<br \/>\n<strong>Edici\u00f3n:<\/strong>\u00a01\u00aa<br \/>\n<strong>Especialidad<\/strong>: Endocrinolog\u00eda<br \/>\n<strong>P\u00e1ginas<\/strong>: 262<br \/>\n\u00a9 2024<\/p>\n","protected":false},"featured_media":9687,"comment_status":"open","ping_status":"open","template":"","meta":{"_joinchat":[]},"product_cat":[93],"product_tag":[240,94,92],"class_list":{"0":"post-9686","1":"product","2":"type-product","3":"status-publish","4":"has-post-thumbnail","6":"product_cat-endocrinologia","7":"product_tag-240","8":"product_tag-endocrinologia","9":"product_tag-wolters-kluwer","11":"first","12":"instock","13":"featured","14":"taxable","15":"shipping-taxable","16":"purchasable","17":"product-type-simple"},"_links":{"self":[{"href":"https:\/\/edimeinter.com\/libreria\/wp-json\/wp\/v2\/product\/9686","targetHints":{"allow":["GET"]}}],"collection":[{"href":"https:\/\/edimeinter.com\/libreria\/wp-json\/wp\/v2\/product"}],"about":[{"href":"https:\/\/edimeinter.com\/libreria\/wp-json\/wp\/v2\/types\/product"}],"replies":[{"embeddable":true,"href":"https:\/\/edimeinter.com\/libreria\/wp-json\/wp\/v2\/comments?post=9686"}],"version-history":[{"count":1,"href":"https:\/\/edimeinter.com\/libreria\/wp-json\/wp\/v2\/product\/9686\/revisions"}],"predecessor-version":[{"id":14886,"href":"https:\/\/edimeinter.com\/libreria\/wp-json\/wp\/v2\/product\/9686\/revisions\/14886"}],"wp:featuredmedia":[{"embeddable":true,"href":"https:\/\/edimeinter.com\/libreria\/wp-json\/wp\/v2\/media\/9687"}],"wp:attachment":[{"href":"https:\/\/edimeinter.com\/libreria\/wp-json\/wp\/v2\/media?parent=9686"}],"wp:term":[{"taxonomy":"product_cat","embeddable":true,"href":"https:\/\/edimeinter.com\/libreria\/wp-json\/wp\/v2\/product_cat?post=9686"},{"taxonomy":"product_tag","embeddable":true,"href":"https:\/\/edimeinter.com\/libreria\/wp-json\/wp\/v2\/product_tag?post=9686"}],"curies":[{"name":"wp","href":"https:\/\/api.w.org\/{rel}","templated":true}]}}