{"id":9705,"date":"2025-02-01T17:48:27","date_gmt":"2025-02-01T17:48:27","guid":{"rendered":"https:\/\/edimeinter.com\/libreria\/?post_type=product&#038;p=9705"},"modified":"2025-02-27T17:34:20","modified_gmt":"2025-02-27T17:34:20","slug":"anatomia-macroscopica-2a-edicion","status":"publish","type":"product","link":"https:\/\/edimeinter.com\/libreria\/product\/anatomia-macroscopica-2a-edicion\/","title":{"rendered":"Anatom\u00eda Macrosc\u00f3pica. 2\u00aa Edici\u00f3n"},"content":{"rendered":"\t\t<div data-elementor-type=\"wp-post\" data-elementor-id=\"9705\" class=\"elementor elementor-9705\">\n\t\t\t\t<div class=\"elementor-element elementor-element-5908ecf6 e-flex e-con-boxed e-con e-parent\" data-id=\"5908ecf6\" data-element_type=\"container\" data-e-type=\"container\">\n\t\t\t\t\t<div class=\"e-con-inner\">\n\t\t\n\t\t<div class=\"elementor-element elementor-element-40cd427e elementor-widget elementor-widget-text-editor\" data-id=\"40cd427e\" data-element_type=\"widget\" data-e-type=\"widget\" data-widget_type=\"text-editor.default\">\n\t\t\t\t<div class=\"elementor-widget-container\">\n\t\t\t\t\t\t\t\t\t<p>Anatom\u00eda macrosc\u00f3pica es el puente perfecto entre los tratados y libros de texto. El enfoque pedag\u00f3gico de esta obra es el trasmitir el conocimiento esencial para la pr\u00e1ctica profesional en cualquier \u00e1rea de las ciencias de la salud.<\/p>\t\t\t\t\t\t\t\t<\/div>\n\t\t\t\t<\/div>\n\t\t\t\t\t<\/div>\n\t\t\t\t<\/div>\n\t\t\t\t<\/div>\n\t\t","protected":false},"excerpt":{"rendered":"<p><strong>Autores:<\/strong>\u00a0Morton. David<br \/>\n<strong>ISBN:<\/strong>\u00a09786071520814<br \/>\n<strong>Editorial:<\/strong>\u00a0McGraw-Hill<br \/>\n<strong>Edici\u00f3n:<\/strong>\u00a02\u00aa<br \/>\n<strong>Especialidad<\/strong>: Anatom\u00eda<br \/>\n<strong>P\u00e1ginas<\/strong>:<br \/>\n\u00a9 2023<\/p>\n","protected":false},"featured_media":9710,"comment_status":"open","ping_status":"open","template":"","meta":{"_joinchat":[]},"product_cat":[100],"product_tag":[101,99],"class_list":{"0":"post-9705","1":"product","2":"type-product","3":"status-publish","4":"has-post-thumbnail","6":"product_cat-anatomia","7":"product_tag-anatomia","8":"product_tag-mcgraw-hill","10":"first","11":"instock","12":"featured","13":"taxable","14":"shipping-taxable","15":"purchasable","16":"product-type-simple"},"_links":{"self":[{"href":"https:\/\/edimeinter.com\/libreria\/wp-json\/wp\/v2\/product\/9705","targetHints":{"allow":["GET"]}}],"collection":[{"href":"https:\/\/edimeinter.com\/libreria\/wp-json\/wp\/v2\/product"}],"about":[{"href":"https:\/\/edimeinter.com\/libreria\/wp-json\/wp\/v2\/types\/product"}],"replies":[{"embeddable":true,"href":"https:\/\/edimeinter.com\/libreria\/wp-json\/wp\/v2\/comments?post=9705"}],"version-history":[{"count":1,"href":"https:\/\/edimeinter.com\/libreria\/wp-json\/wp\/v2\/product\/9705\/revisions"}],"predecessor-version":[{"id":14891,"href":"https:\/\/edimeinter.com\/libreria\/wp-json\/wp\/v2\/product\/9705\/revisions\/14891"}],"wp:featuredmedia":[{"embeddable":true,"href":"https:\/\/edimeinter.com\/libreria\/wp-json\/wp\/v2\/media\/9710"}],"wp:attachment":[{"href":"https:\/\/edimeinter.com\/libreria\/wp-json\/wp\/v2\/media?parent=9705"}],"wp:term":[{"taxonomy":"product_cat","embeddable":true,"href":"https:\/\/edimeinter.com\/libreria\/wp-json\/wp\/v2\/product_cat?post=9705"},{"taxonomy":"product_tag","embeddable":true,"href":"https:\/\/edimeinter.com\/libreria\/wp-json\/wp\/v2\/product_tag?post=9705"}],"curies":[{"name":"wp","href":"https:\/\/api.w.org\/{rel}","templated":true}]}}