{"id":9736,"date":"2025-02-01T18:11:41","date_gmt":"2025-02-01T18:11:41","guid":{"rendered":"https:\/\/edimeinter.com\/libreria\/?post_type=product&#038;p=9736"},"modified":"2025-03-09T20:41:12","modified_gmt":"2025-03-09T20:41:12","slug":"manual-de-patologia-del-tracto-genital-inferior-y-colposcopia-1a-edicion","status":"publish","type":"product","link":"https:\/\/edimeinter.com\/libreria\/product\/manual-de-patologia-del-tracto-genital-inferior-y-colposcopia-1a-edicion\/","title":{"rendered":"Manual de Patolog\u00eda del Tracto Genital Inferior y Colposcopia. 1\u00aa Edici\u00f3n"},"content":{"rendered":"\t\t<div data-elementor-type=\"wp-post\" data-elementor-id=\"9736\" class=\"elementor elementor-9736\">\n\t\t\t\t<div class=\"elementor-element elementor-element-5908ecf6 e-flex e-con-boxed e-con e-parent\" data-id=\"5908ecf6\" data-element_type=\"container\" data-e-type=\"container\">\n\t\t\t\t\t<div class=\"e-con-inner\">\n\t\t\n\t\t<div class=\"elementor-element elementor-element-40cd427e elementor-widget elementor-widget-text-editor\" data-id=\"40cd427e\" data-element_type=\"widget\" data-e-type=\"widget\" data-widget_type=\"text-editor.default\">\n\t\t\t\t<div class=\"elementor-widget-container\">\n\t\t\t\t\t\t\t\t\t<p>Manual de patolog\u00eda del tracto genital inferior y colposcopia es el primer libro que publican los docentes de la Escuela Argentina de Patolog\u00eda del Tracto Genital Inferior y Colposcopia. Los contenidos est\u00e1n presentados y ordenados seg\u00fan el programa del curso te\u00f3rico-pr\u00e1ctico que se dicta desde hace muchos a\u00f1os y que est\u00e1 a cargo de especialistas expertos en las \u00e1reas de Ginecolog\u00eda y Anatom\u00eda Patol\u00f3gica.<\/p>\t\t\t\t\t\t\t\t<\/div>\n\t\t\t\t<\/div>\n\t\t\t\t\t<\/div>\n\t\t\t\t<\/div>\n\t\t\t\t<\/div>\n\t\t","protected":false},"excerpt":{"rendered":"<p><strong>Autores:<\/strong>\u00a0Toziano, M. \u2014 Maciel, A. \u2014 Tauscher, P. \u2014 Seira, C. \u2014 SAPTGIYC (Sociedad Argentina Del Tracto Genital Inferior Y Colposcopia)<br \/>\n<strong>ISBN:<\/strong>\u00a09789878452678<br \/>\n<strong>Editorial:<\/strong>\u00a0Ediciones Journal<br \/>\n<strong>Edici\u00f3n:<\/strong>\u00a01\u00aa<br \/>\n<strong>Especialidad<\/strong>: Ginecolog\u00eda y Obstetricia<br \/>\n<strong>P\u00e1ginas<\/strong>: 393<br \/>\n\u00a9 2024<\/p>\n","protected":false},"featured_media":9737,"comment_status":"open","ping_status":"open","template":"","meta":{"_joinchat":[]},"product_cat":[104],"product_tag":[240,110,105],"class_list":{"0":"post-9736","1":"product","2":"type-product","3":"status-publish","4":"has-post-thumbnail","6":"product_cat-ginecologia-y-obstetricia","7":"product_tag-240","8":"product_tag-ediciones-journal","9":"product_tag-ginecologia-y-obstetricia","11":"first","12":"instock","13":"featured","14":"taxable","15":"shipping-taxable","16":"purchasable","17":"product-type-simple"},"_links":{"self":[{"href":"https:\/\/edimeinter.com\/libreria\/wp-json\/wp\/v2\/product\/9736","targetHints":{"allow":["GET"]}}],"collection":[{"href":"https:\/\/edimeinter.com\/libreria\/wp-json\/wp\/v2\/product"}],"about":[{"href":"https:\/\/edimeinter.com\/libreria\/wp-json\/wp\/v2\/types\/product"}],"replies":[{"embeddable":true,"href":"https:\/\/edimeinter.com\/libreria\/wp-json\/wp\/v2\/comments?post=9736"}],"version-history":[{"count":1,"href":"https:\/\/edimeinter.com\/libreria\/wp-json\/wp\/v2\/product\/9736\/revisions"}],"predecessor-version":[{"id":14898,"href":"https:\/\/edimeinter.com\/libreria\/wp-json\/wp\/v2\/product\/9736\/revisions\/14898"}],"wp:featuredmedia":[{"embeddable":true,"href":"https:\/\/edimeinter.com\/libreria\/wp-json\/wp\/v2\/media\/9737"}],"wp:attachment":[{"href":"https:\/\/edimeinter.com\/libreria\/wp-json\/wp\/v2\/media?parent=9736"}],"wp:term":[{"taxonomy":"product_cat","embeddable":true,"href":"https:\/\/edimeinter.com\/libreria\/wp-json\/wp\/v2\/product_cat?post=9736"},{"taxonomy":"product_tag","embeddable":true,"href":"https:\/\/edimeinter.com\/libreria\/wp-json\/wp\/v2\/product_tag?post=9736"}],"curies":[{"name":"wp","href":"https:\/\/api.w.org\/{rel}","templated":true}]}}