{"id":9742,"date":"2025-02-01T18:14:44","date_gmt":"2025-02-01T18:14:44","guid":{"rendered":"https:\/\/edimeinter.com\/libreria\/?post_type=product&#038;p=9742"},"modified":"2025-03-09T20:41:07","modified_gmt":"2025-03-09T20:41:07","slug":"nutricion-deportiva-1a-edicion","status":"publish","type":"product","link":"https:\/\/edimeinter.com\/libreria\/product\/nutricion-deportiva-1a-edicion\/","title":{"rendered":"Nutrici\u00f3n Deportiva. 1\u00aa Edici\u00f3n"},"content":{"rendered":"\t\t<div data-elementor-type=\"wp-post\" data-elementor-id=\"9742\" class=\"elementor elementor-9742\">\n\t\t\t\t<div class=\"elementor-element elementor-element-5908ecf6 e-flex e-con-boxed e-con e-parent\" data-id=\"5908ecf6\" data-element_type=\"container\" data-e-type=\"container\">\n\t\t\t\t\t<div class=\"e-con-inner\">\n\t\t\n\t\t<div class=\"elementor-element elementor-element-40cd427e elementor-widget elementor-widget-text-editor\" data-id=\"40cd427e\" data-element_type=\"widget\" data-e-type=\"widget\" data-widget_type=\"text-editor.default\">\n\t\t\t\t<div class=\"elementor-widget-container\">\n\t\t\t\t\t\t\t\t\t<p>Nutrici\u00f3n deportiva: Ciencia, herramientas y estrategias desarrolla tem\u00e1ticas relevantes que refieren tanto a la teor\u00eda como a la pr\u00e1ctica. La experiencia profesional de los colaboradores que participan en el libro ofrece a los lectores una visi\u00f3n amplia e interdisciplinar. El m\u00e9rito de esta obra radica en explicar de modo sencillo los problemas complejos que se presentan en los deportistas antes, durante y despu\u00e9s del entrenamiento.<\/p><p>El recorrido de Luciano Spena y el prestigio adquirido por su asistencia profesional a deportistas de elite y a selecciones argentinas, validan la relevancia y la<span class=\"shorten-detail\">\u00a0contribuci\u00f3n de este libro en el \u00e1mbito de la nutrici\u00f3n y el rendimiento deportivo.<\/span><\/p>\t\t\t\t\t\t\t\t<\/div>\n\t\t\t\t<\/div>\n\t\t\t\t\t<\/div>\n\t\t\t\t<\/div>\n\t\t\t\t<\/div>\n\t\t","protected":false},"excerpt":{"rendered":"<p><strong>Autores:<\/strong>\u00a0Luciano Spena<br \/>\n<strong>ISBN:<\/strong>\u00a09789878452616<br \/>\n<strong>Editorial:<\/strong>\u00a0Ediciones Journal<br \/>\n<strong>Edici\u00f3n:<\/strong>\u00a01\u00aa<br \/>\n<strong>Especialidad<\/strong>: Nutrici\u00f3n y Dietoterapia<br \/>\n<strong>P\u00e1ginas<\/strong>: 304<br \/>\n\u00a9 2024<\/p>\n","protected":false},"featured_media":9743,"comment_status":"open","ping_status":"open","template":"","meta":{"_joinchat":[]},"product_cat":[106],"product_tag":[240,110,107],"class_list":{"0":"post-9742","1":"product","2":"type-product","3":"status-publish","4":"has-post-thumbnail","6":"product_cat-nutricion-y-dietoterapia","7":"product_tag-240","8":"product_tag-ediciones-journal","9":"product_tag-nutricion-y-dietoterapia","11":"first","12":"instock","13":"featured","14":"taxable","15":"shipping-taxable","16":"purchasable","17":"product-type-simple"},"_links":{"self":[{"href":"https:\/\/edimeinter.com\/libreria\/wp-json\/wp\/v2\/product\/9742","targetHints":{"allow":["GET"]}}],"collection":[{"href":"https:\/\/edimeinter.com\/libreria\/wp-json\/wp\/v2\/product"}],"about":[{"href":"https:\/\/edimeinter.com\/libreria\/wp-json\/wp\/v2\/types\/product"}],"replies":[{"embeddable":true,"href":"https:\/\/edimeinter.com\/libreria\/wp-json\/wp\/v2\/comments?post=9742"}],"version-history":[{"count":1,"href":"https:\/\/edimeinter.com\/libreria\/wp-json\/wp\/v2\/product\/9742\/revisions"}],"predecessor-version":[{"id":14899,"href":"https:\/\/edimeinter.com\/libreria\/wp-json\/wp\/v2\/product\/9742\/revisions\/14899"}],"wp:featuredmedia":[{"embeddable":true,"href":"https:\/\/edimeinter.com\/libreria\/wp-json\/wp\/v2\/media\/9743"}],"wp:attachment":[{"href":"https:\/\/edimeinter.com\/libreria\/wp-json\/wp\/v2\/media?parent=9742"}],"wp:term":[{"taxonomy":"product_cat","embeddable":true,"href":"https:\/\/edimeinter.com\/libreria\/wp-json\/wp\/v2\/product_cat?post=9742"},{"taxonomy":"product_tag","embeddable":true,"href":"https:\/\/edimeinter.com\/libreria\/wp-json\/wp\/v2\/product_tag?post=9742"}],"curies":[{"name":"wp","href":"https:\/\/api.w.org\/{rel}","templated":true}]}}