{"id":9760,"date":"2025-02-01T18:23:20","date_gmt":"2025-02-01T18:23:20","guid":{"rendered":"https:\/\/edimeinter.com\/libreria\/?post_type=product&#038;p=9760"},"modified":"2025-02-27T17:46:49","modified_gmt":"2025-02-27T17:46:49","slug":"enfermeria-neonatal-1a-edicion","status":"publish","type":"product","link":"https:\/\/edimeinter.com\/libreria\/product\/enfermeria-neonatal-1a-edicion\/","title":{"rendered":"Enfermer\u00eda Neonatal. 1\u00aa Edici\u00f3n"},"content":{"rendered":"\t\t<div data-elementor-type=\"wp-post\" data-elementor-id=\"9760\" class=\"elementor elementor-9760\">\n\t\t\t\t<div class=\"elementor-element elementor-element-5908ecf6 e-flex e-con-boxed e-con e-parent\" data-id=\"5908ecf6\" data-element_type=\"container\" data-e-type=\"container\">\n\t\t\t\t\t<div class=\"e-con-inner\">\n\t\t\n\t\t<div class=\"elementor-element elementor-element-40cd427e elementor-widget elementor-widget-text-editor\" data-id=\"40cd427e\" data-element_type=\"widget\" data-e-type=\"widget\" data-widget_type=\"text-editor.default\">\n\t\t\t\t<div class=\"elementor-widget-container\">\n\t\t\t\t\t\t\t\t\t<p>Enfermer\u00eda neonatal | Desde la experiencia de gran importancia tanto para quienes est\u00e1n a cargo del cuidado de neonatos de t\u00e9rmino y pret\u00e9rmino que deben ser hospitalizados como para aquellos profesionales que se ocupan del seguimiento de los reci\u00e9n nacidos con peso menor a 1500 gramos.<\/p>\t\t\t\t\t\t\t\t<\/div>\n\t\t\t\t<\/div>\n\t\t\t\t\t<\/div>\n\t\t\t\t<\/div>\n\t\t\t\t<\/div>\n\t\t","protected":false},"excerpt":{"rendered":"<p><strong>Autores:<\/strong>\u00a0Patricia Fern\u00e1ndez D\u00edaz Rose Marie Zaourak Allaunlli<br \/>\n<strong>ISBN:<\/strong>\u00a09789878452555<br \/>\n<strong>Editorial:<\/strong>\u00a0Ediciones Journal<br \/>\n<strong>Edici\u00f3n:<\/strong>\u00a01\u00aa<br \/>\n<strong>Especialidad<\/strong>: Enfermer\u00eda<br \/>\n<strong>P\u00e1ginas<\/strong>: 326<br \/>\n\u00a9 2023<\/p>\n","protected":false},"featured_media":9761,"comment_status":"open","ping_status":"open","template":"","meta":{"_joinchat":[]},"product_cat":[115],"product_tag":[110,82],"class_list":{"0":"post-9760","1":"product","2":"type-product","3":"status-publish","4":"has-post-thumbnail","6":"product_cat-enfermeria","7":"product_tag-ediciones-journal","8":"product_tag-enfermeria","10":"first","11":"instock","12":"featured","13":"taxable","14":"shipping-taxable","15":"purchasable","16":"product-type-simple"},"_links":{"self":[{"href":"https:\/\/edimeinter.com\/libreria\/wp-json\/wp\/v2\/product\/9760","targetHints":{"allow":["GET"]}}],"collection":[{"href":"https:\/\/edimeinter.com\/libreria\/wp-json\/wp\/v2\/product"}],"about":[{"href":"https:\/\/edimeinter.com\/libreria\/wp-json\/wp\/v2\/types\/product"}],"replies":[{"embeddable":true,"href":"https:\/\/edimeinter.com\/libreria\/wp-json\/wp\/v2\/comments?post=9760"}],"version-history":[{"count":1,"href":"https:\/\/edimeinter.com\/libreria\/wp-json\/wp\/v2\/product\/9760\/revisions"}],"predecessor-version":[{"id":14902,"href":"https:\/\/edimeinter.com\/libreria\/wp-json\/wp\/v2\/product\/9760\/revisions\/14902"}],"wp:featuredmedia":[{"embeddable":true,"href":"https:\/\/edimeinter.com\/libreria\/wp-json\/wp\/v2\/media\/9761"}],"wp:attachment":[{"href":"https:\/\/edimeinter.com\/libreria\/wp-json\/wp\/v2\/media?parent=9760"}],"wp:term":[{"taxonomy":"product_cat","embeddable":true,"href":"https:\/\/edimeinter.com\/libreria\/wp-json\/wp\/v2\/product_cat?post=9760"},{"taxonomy":"product_tag","embeddable":true,"href":"https:\/\/edimeinter.com\/libreria\/wp-json\/wp\/v2\/product_tag?post=9760"}],"curies":[{"name":"wp","href":"https:\/\/api.w.org\/{rel}","templated":true}]}}