{"id":9781,"date":"2025-02-02T20:11:19","date_gmt":"2025-02-02T20:11:19","guid":{"rendered":"https:\/\/edimeinter.com\/libreria\/?post_type=product&#038;p=9781"},"modified":"2025-03-09T20:40:58","modified_gmt":"2025-03-09T20:40:58","slug":"abc-de-la-ecografia-abdominal-teoria-y-practica-incluye-ebook-3a-edicion-copia-2","status":"publish","type":"product","link":"https:\/\/edimeinter.com\/libreria\/product\/abc-de-la-ecografia-abdominal-teoria-y-practica-incluye-ebook-3a-edicion-copia-2\/","title":{"rendered":"V\u00eda A\u00e9rea en Emergencias. Secretos y desaf\u00edos. Incluye eBook. 1\u00aa Edici\u00f3n"},"content":{"rendered":"\t\t<div data-elementor-type=\"wp-post\" data-elementor-id=\"9781\" class=\"elementor elementor-9781\">\n\t\t\t\t<div class=\"elementor-element elementor-element-2612b12 e-flex e-con-boxed e-con e-parent\" data-id=\"2612b12\" data-element_type=\"container\" data-e-type=\"container\">\n\t\t\t\t\t<div class=\"e-con-inner\">\n\t\t\n\t\t<div class=\"elementor-element elementor-element-498707ae elementor-widget elementor-widget-text-editor\" data-id=\"498707ae\" data-element_type=\"widget\" data-e-type=\"widget\" data-widget_type=\"text-editor.default\">\n\t\t\t\t<div class=\"elementor-widget-container\">\n\t\t\t\t\t\t\t\t\t<p class=\"font-light !leading-[22px] tracking-[1.12px] text-base mb-3 text-gray-500\">El manejo de la v\u00eda a\u00e9rea en la emergencia es una de las pocas situaciones m\u00e9dicas que requieren la toma de decisiones r\u00e1pidas y precisas en pacientes cr\u00edticamente enfermos que pueden perder la vida en pocos minutos. La mayor\u00eda de las veces, en estas situaciones, no se dispone de tiempo para pedir la ayuda de otro profesional con mayor experiencia y se requiere, por lo tanto, un profundo conocimiento te\u00f3rico, una destreza manual individual y mucho entrenamiento en el uso de los diferentes dispositivos y, tambi\u00e9n, para actuar en circunstancias en las que los sucesos no resultan de la manera esperada en el plan original.<\/p><p class=\"font-light !leading-[22px] tracking-[1.12px] text-base mb-3 text-gray-500\">V\u00eda A\u00e9rea en Emergencias. Secretos y desaf\u00edos es una obra de la Sociedad Argentina de Emergencias (SAE) pensada como una herramienta \u00fatil, actualizada y pr\u00e1ctica para brindar respuestas satisfactorias a todas esas necesidades.<\/p>\t\t\t\t\t\t\t\t<\/div>\n\t\t\t\t<\/div>\n\t\t\t\t\t<\/div>\n\t\t\t\t<\/div>\n\t\t\t\t<\/div>\n\t\t","protected":false},"excerpt":{"rendered":"<p><strong>Autores:\u00a0<\/strong>SAE (Sociedad Argentina de Emergencias)<br \/>\n<strong>ISBN:<\/strong>\u00a09789500697255<br \/>\n<strong>Editorial:<\/strong>\u00a0Panamericana<br \/>\n<strong>Edici\u00f3n:<\/strong>\u00a01\u00aa<br \/>\n<strong>Especialidad<\/strong>: Medicina de Urgencias y Emergencias<br \/>\n<strong>P\u00e1ginas<\/strong>:\u00a0352<br \/>\n\u00a9 2024<\/p>\n","protected":false},"featured_media":9782,"comment_status":"open","ping_status":"open","template":"","meta":{"_joinchat":[]},"product_cat":[83],"product_tag":[240,84,70],"class_list":{"0":"post-9781","1":"product","2":"type-product","3":"status-publish","4":"has-post-thumbnail","6":"product_cat-medicina-de-urgencias-y-emergencias","7":"product_tag-240","8":"product_tag-medicina-de-urgencias-y-emergencias","9":"product_tag-panamericana","11":"first","12":"instock","13":"featured","14":"taxable","15":"shipping-taxable","16":"purchasable","17":"product-type-simple"},"_links":{"self":[{"href":"https:\/\/edimeinter.com\/libreria\/wp-json\/wp\/v2\/product\/9781","targetHints":{"allow":["GET"]}}],"collection":[{"href":"https:\/\/edimeinter.com\/libreria\/wp-json\/wp\/v2\/product"}],"about":[{"href":"https:\/\/edimeinter.com\/libreria\/wp-json\/wp\/v2\/types\/product"}],"replies":[{"embeddable":true,"href":"https:\/\/edimeinter.com\/libreria\/wp-json\/wp\/v2\/comments?post=9781"}],"version-history":[{"count":1,"href":"https:\/\/edimeinter.com\/libreria\/wp-json\/wp\/v2\/product\/9781\/revisions"}],"predecessor-version":[{"id":14903,"href":"https:\/\/edimeinter.com\/libreria\/wp-json\/wp\/v2\/product\/9781\/revisions\/14903"}],"wp:featuredmedia":[{"embeddable":true,"href":"https:\/\/edimeinter.com\/libreria\/wp-json\/wp\/v2\/media\/9782"}],"wp:attachment":[{"href":"https:\/\/edimeinter.com\/libreria\/wp-json\/wp\/v2\/media?parent=9781"}],"wp:term":[{"taxonomy":"product_cat","embeddable":true,"href":"https:\/\/edimeinter.com\/libreria\/wp-json\/wp\/v2\/product_cat?post=9781"},{"taxonomy":"product_tag","embeddable":true,"href":"https:\/\/edimeinter.com\/libreria\/wp-json\/wp\/v2\/product_tag?post=9781"}],"curies":[{"name":"wp","href":"https:\/\/api.w.org\/{rel}","templated":true}]}}