{"id":9794,"date":"2025-02-02T20:18:36","date_gmt":"2025-02-02T20:18:36","guid":{"rendered":"https:\/\/edimeinter.com\/libreria\/?post_type=product&#038;p=9794"},"modified":"2025-03-09T20:40:49","modified_gmt":"2025-03-09T20:40:49","slug":"mecanica-muscular-y-articular-bases-para-la-prescripcion-de-ejercicios-fisicos-incluye-ebook-1a-edicion","status":"publish","type":"product","link":"https:\/\/edimeinter.com\/libreria\/product\/mecanica-muscular-y-articular-bases-para-la-prescripcion-de-ejercicios-fisicos-incluye-ebook-1a-edicion\/","title":{"rendered":"Mec\u00e1nica muscular y articular. Bases para la prescripci\u00f3n de ejercicios f\u00edsicos. Incluye eBook. 1\u00aa Edici\u00f3n"},"content":{"rendered":"\t\t<div data-elementor-type=\"wp-post\" data-elementor-id=\"9794\" class=\"elementor elementor-9794\">\n\t\t\t\t<div class=\"elementor-element elementor-element-2612b12 e-flex e-con-boxed e-con e-parent\" data-id=\"2612b12\" data-element_type=\"container\" data-e-type=\"container\">\n\t\t\t\t\t<div class=\"e-con-inner\">\n\t\t\n\t\t<div class=\"elementor-element elementor-element-498707ae elementor-widget elementor-widget-text-editor\" data-id=\"498707ae\" data-element_type=\"widget\" data-e-type=\"widget\" data-widget_type=\"text-editor.default\">\n\t\t\t\t<div class=\"elementor-widget-container\">\n\t\t\t\t\t\t\t\t\t<p class=\"font-light !leading-[22px] tracking-[1.12px] text-base mb-3 text-gray-500\">Los profesionales del ejercicio f\u00edsico deben poseer unos conocimientos adecuados de anatom\u00eda funcional del aparato locomotor, saber c\u00f3mo y cu\u00e1les son las acciones de los grupos musculares en relaci\u00f3n con como discurre su trayectoria alrededor de los n\u00facleos articulares que sobrepasan y tener en cuenta cu\u00e1les son las posibilidades de movimientos que disponen los n\u00facleos articulares de acuerdo con su estructura.<\/p>\t\t\t\t\t\t\t\t<\/div>\n\t\t\t\t<\/div>\n\t\t\t\t\t<\/div>\n\t\t\t\t<\/div>\n\t\t\t\t<\/div>\n\t\t","protected":false},"excerpt":{"rendered":"<p><strong>Autores:\u00a0<\/strong>Jes\u00fas Mora Vicente<br \/>\n<strong>ISBN:<\/strong>\u00a09788491102502<br \/>\n<strong>Editorial:<\/strong>\u00a0Panamericana<br \/>\n<strong>Edici\u00f3n:<\/strong>\u00a01\u00aa<br \/>\n<strong>Especialidad<\/strong>: Fisioterapia, Kinesiolog\u00eda y Fisiatr\u00eda<br \/>\n<strong>P\u00e1ginas<\/strong>:\u00a0400<br \/>\n\u00a9 2024<\/p>\n","protected":false},"featured_media":9795,"comment_status":"open","ping_status":"open","template":"","meta":{"_joinchat":[]},"product_cat":[111],"product_tag":[240,112,70],"class_list":{"0":"post-9794","1":"product","2":"type-product","3":"status-publish","4":"has-post-thumbnail","6":"product_cat-fisioterapia","7":"product_tag-240","8":"product_tag-fisioterapia","9":"product_tag-panamericana","11":"first","12":"instock","13":"featured","14":"taxable","15":"shipping-taxable","16":"purchasable","17":"product-type-simple"},"_links":{"self":[{"href":"https:\/\/edimeinter.com\/libreria\/wp-json\/wp\/v2\/product\/9794","targetHints":{"allow":["GET"]}}],"collection":[{"href":"https:\/\/edimeinter.com\/libreria\/wp-json\/wp\/v2\/product"}],"about":[{"href":"https:\/\/edimeinter.com\/libreria\/wp-json\/wp\/v2\/types\/product"}],"replies":[{"embeddable":true,"href":"https:\/\/edimeinter.com\/libreria\/wp-json\/wp\/v2\/comments?post=9794"}],"version-history":[{"count":2,"href":"https:\/\/edimeinter.com\/libreria\/wp-json\/wp\/v2\/product\/9794\/revisions"}],"predecessor-version":[{"id":14906,"href":"https:\/\/edimeinter.com\/libreria\/wp-json\/wp\/v2\/product\/9794\/revisions\/14906"}],"wp:featuredmedia":[{"embeddable":true,"href":"https:\/\/edimeinter.com\/libreria\/wp-json\/wp\/v2\/media\/9795"}],"wp:attachment":[{"href":"https:\/\/edimeinter.com\/libreria\/wp-json\/wp\/v2\/media?parent=9794"}],"wp:term":[{"taxonomy":"product_cat","embeddable":true,"href":"https:\/\/edimeinter.com\/libreria\/wp-json\/wp\/v2\/product_cat?post=9794"},{"taxonomy":"product_tag","embeddable":true,"href":"https:\/\/edimeinter.com\/libreria\/wp-json\/wp\/v2\/product_tag?post=9794"}],"curies":[{"name":"wp","href":"https:\/\/api.w.org\/{rel}","templated":true}]}}