{"id":9926,"date":"2025-02-03T23:39:40","date_gmt":"2025-02-03T23:39:40","guid":{"rendered":"https:\/\/edimeinter.com\/libreria\/?post_type=product&#038;p=9926"},"modified":"2025-03-09T20:01:38","modified_gmt":"2025-03-09T20:01:38","slug":"fundamentos-de-psicologia-del-deporte-incluye-ebook-1a-edicion","status":"publish","type":"product","link":"https:\/\/edimeinter.com\/libreria\/product\/fundamentos-de-psicologia-del-deporte-incluye-ebook-1a-edicion\/","title":{"rendered":"Fundamentos de Psicolog\u00eda del Deporte. Incluye eBook. 1\u00aa Edici\u00f3n"},"content":{"rendered":"\t\t<div data-elementor-type=\"wp-post\" data-elementor-id=\"9926\" class=\"elementor elementor-9926\">\n\t\t\t\t<div class=\"elementor-element elementor-element-6df9a7c9 e-flex e-con-boxed e-con e-parent\" data-id=\"6df9a7c9\" data-element_type=\"container\" data-e-type=\"container\">\n\t\t\t\t\t<div class=\"e-con-inner\">\n\t\t\n\t\t<div class=\"elementor-element elementor-element-6a22be31 elementor-widget elementor-widget-text-editor\" data-id=\"6a22be31\" data-element_type=\"widget\" data-e-type=\"widget\" data-widget_type=\"text-editor.default\">\n\t\t\t\t<div class=\"elementor-widget-container\">\n\t\t\t\t\t\t\t\t\t<p>La psicolog\u00eda del deporte y la actividad f\u00edsica aporta los recursos y herramientas necesarias para el trabajo psicol\u00f3gico de los diferentes agentes implicados en el contexto deportivo. Este manual aborda planteamientos relacionados con la motivaci\u00f3n, el burnout, la confianza y otros procesos psicol\u00f3gicos b\u00e1sicos y, adem\u00e1s, se adentra en otras tem\u00e1ticas m\u00e1s recientes, como el optimismo y la incidencia del g\u00e9nero en el desarrollo deportivo.<\/p>\t\t\t\t\t\t\t\t<\/div>\n\t\t\t\t<\/div>\n\t\t\t\t\t<\/div>\n\t\t\t\t<\/div>\n\t\t\t\t<\/div>\n\t\t","protected":false},"excerpt":{"rendered":"<p><strong>Autores:\u00a0<\/strong>Eva Mar\u00eda Le\u00f3n Zarce\u00f1o, Enrique Javier Garces de los Fayos<br \/>\n<strong>ISBN:<\/strong>\u00a09788411062763<br \/>\n<strong>Editorial:<\/strong>\u00a0Panamericana<br \/>\n<strong>Edici\u00f3n:<\/strong>\u00a01\u00aa<br \/>\n<strong>Especialidad<\/strong>: Psicolog\u00eda<br \/>\n<strong>P\u00e1ginas<\/strong>:\u00a0260<br \/>\n\u00a9 2025<\/p>\n","protected":false},"featured_media":9927,"comment_status":"open","ping_status":"open","template":"","meta":{"_joinchat":[]},"product_cat":[88],"product_tag":[239,70,89],"class_list":{"0":"post-9926","1":"product","2":"type-product","3":"status-publish","4":"has-post-thumbnail","6":"product_cat-psicologia","7":"product_tag-239","8":"product_tag-panamericana","9":"product_tag-psicologia","11":"first","12":"instock","13":"featured","14":"taxable","15":"shipping-taxable","16":"purchasable","17":"product-type-simple"},"_links":{"self":[{"href":"https:\/\/edimeinter.com\/libreria\/wp-json\/wp\/v2\/product\/9926","targetHints":{"allow":["GET"]}}],"collection":[{"href":"https:\/\/edimeinter.com\/libreria\/wp-json\/wp\/v2\/product"}],"about":[{"href":"https:\/\/edimeinter.com\/libreria\/wp-json\/wp\/v2\/types\/product"}],"replies":[{"embeddable":true,"href":"https:\/\/edimeinter.com\/libreria\/wp-json\/wp\/v2\/comments?post=9926"}],"version-history":[{"count":1,"href":"https:\/\/edimeinter.com\/libreria\/wp-json\/wp\/v2\/product\/9926\/revisions"}],"predecessor-version":[{"id":14909,"href":"https:\/\/edimeinter.com\/libreria\/wp-json\/wp\/v2\/product\/9926\/revisions\/14909"}],"wp:featuredmedia":[{"embeddable":true,"href":"https:\/\/edimeinter.com\/libreria\/wp-json\/wp\/v2\/media\/9927"}],"wp:attachment":[{"href":"https:\/\/edimeinter.com\/libreria\/wp-json\/wp\/v2\/media?parent=9926"}],"wp:term":[{"taxonomy":"product_cat","embeddable":true,"href":"https:\/\/edimeinter.com\/libreria\/wp-json\/wp\/v2\/product_cat?post=9926"},{"taxonomy":"product_tag","embeddable":true,"href":"https:\/\/edimeinter.com\/libreria\/wp-json\/wp\/v2\/product_tag?post=9926"}],"curies":[{"name":"wp","href":"https:\/\/api.w.org\/{rel}","templated":true}]}}