{"id":9932,"date":"2025-02-04T00:01:19","date_gmt":"2025-02-04T00:01:19","guid":{"rendered":"https:\/\/edimeinter.com\/libreria\/?post_type=product&#038;p=9932"},"modified":"2025-03-09T20:39:09","modified_gmt":"2025-03-09T20:39:09","slug":"epilepsia-en-adultos-una-vision-integral-incluye-ebook-1a-edicion","status":"publish","type":"product","link":"https:\/\/edimeinter.com\/libreria\/product\/epilepsia-en-adultos-una-vision-integral-incluye-ebook-1a-edicion\/","title":{"rendered":"Epilepsia en Adultos. Una visi\u00f3n integral. Incluye eBook. 1\u00aa Edici\u00f3n"},"content":{"rendered":"\t\t<div data-elementor-type=\"wp-post\" data-elementor-id=\"9932\" class=\"elementor elementor-9932\">\n\t\t\t\t<div class=\"elementor-element elementor-element-6df9a7c9 e-flex e-con-boxed e-con e-parent\" data-id=\"6df9a7c9\" data-element_type=\"container\" data-e-type=\"container\">\n\t\t\t\t\t<div class=\"e-con-inner\">\n\t\t\n\t\t<div class=\"elementor-element elementor-element-6a22be31 elementor-widget elementor-widget-text-editor\" data-id=\"6a22be31\" data-element_type=\"widget\" data-e-type=\"widget\" data-widget_type=\"text-editor.default\">\n\t\t\t\t<div class=\"elementor-widget-container\">\n\t\t\t\t\t\t\t\t\t<p>El cerebro humano se compone de una compleja red de conexiones anat\u00f3micas y funcionales cuya din\u00e1mica y complejidad lo hacen \u00fanico. En el contexto de esta singular caracter\u00edstica es donde se desarrolla la epilepsia. Los avances de los \u00faltimos a\u00f1os en el conocimiento de la epilepsia, los adelantos tecnol\u00f3gicos y el desarrollo de nuevas definiciones constituyen aportes fundamentales que los profesionales que atienden a los pacientes afectados por esta enfermedad precisan saber.<\/p>\t\t\t\t\t\t\t\t<\/div>\n\t\t\t\t<\/div>\n\t\t\t\t\t<\/div>\n\t\t\t\t<\/div>\n\t\t\t\t<\/div>\n\t\t","protected":false},"excerpt":{"rendered":"<p><strong>Autores:\u00a0<\/strong>LACE Liga Argentina contra la Epilepsia,SNA Sociedad Neurol\u00f3gica Argentina<br \/>\n<strong>ISBN:<\/strong>\u00a09789500697286<br \/>\n<strong>Editorial:<\/strong>\u00a0Panamericana<br \/>\n<strong>Edici\u00f3n:<\/strong>\u00a01\u00aa<br \/>\n<strong>Especialidad<\/strong>: Neurolog\u00eda y Neurocirug\u00eda<br \/>\n<strong>P\u00e1ginas<\/strong>:\u00a0332<br \/>\n\u00a9 2024<\/p>\n","protected":false},"featured_media":9933,"comment_status":"open","ping_status":"open","template":"","meta":{"_joinchat":[]},"product_cat":[122],"product_tag":[240,123,70],"class_list":{"0":"post-9932","1":"product","2":"type-product","3":"status-publish","4":"has-post-thumbnail","6":"product_cat-neurologia","7":"product_tag-240","8":"product_tag-neurologia","9":"product_tag-panamericana","11":"first","12":"instock","13":"featured","14":"taxable","15":"shipping-taxable","16":"purchasable","17":"product-type-simple"},"_links":{"self":[{"href":"https:\/\/edimeinter.com\/libreria\/wp-json\/wp\/v2\/product\/9932","targetHints":{"allow":["GET"]}}],"collection":[{"href":"https:\/\/edimeinter.com\/libreria\/wp-json\/wp\/v2\/product"}],"about":[{"href":"https:\/\/edimeinter.com\/libreria\/wp-json\/wp\/v2\/types\/product"}],"replies":[{"embeddable":true,"href":"https:\/\/edimeinter.com\/libreria\/wp-json\/wp\/v2\/comments?post=9932"}],"version-history":[{"count":1,"href":"https:\/\/edimeinter.com\/libreria\/wp-json\/wp\/v2\/product\/9932\/revisions"}],"predecessor-version":[{"id":14910,"href":"https:\/\/edimeinter.com\/libreria\/wp-json\/wp\/v2\/product\/9932\/revisions\/14910"}],"wp:featuredmedia":[{"embeddable":true,"href":"https:\/\/edimeinter.com\/libreria\/wp-json\/wp\/v2\/media\/9933"}],"wp:attachment":[{"href":"https:\/\/edimeinter.com\/libreria\/wp-json\/wp\/v2\/media?parent=9932"}],"wp:term":[{"taxonomy":"product_cat","embeddable":true,"href":"https:\/\/edimeinter.com\/libreria\/wp-json\/wp\/v2\/product_cat?post=9932"},{"taxonomy":"product_tag","embeddable":true,"href":"https:\/\/edimeinter.com\/libreria\/wp-json\/wp\/v2\/product_tag?post=9932"}],"curies":[{"name":"wp","href":"https:\/\/api.w.org\/{rel}","templated":true}]}}