{"id":9938,"date":"2025-02-04T00:04:08","date_gmt":"2025-02-04T00:04:08","guid":{"rendered":"https:\/\/edimeinter.com\/libreria\/?post_type=product&#038;p=9938"},"modified":"2026-01-11T00:04:14","modified_gmt":"2026-01-11T00:04:14","slug":"analisis-de-sangre-guia-practica-para-su-uso-e-interpretacion-incluye-ebook-1a-edicion","status":"publish","type":"product","link":"https:\/\/edimeinter.com\/libreria\/product\/analisis-de-sangre-guia-practica-para-su-uso-e-interpretacion-incluye-ebook-1a-edicion\/","title":{"rendered":"An\u00e1lisis de sangre. Gu\u00eda pr\u00e1ctica para su uso e interpretaci\u00f3n. Incluye eBook. 1\u00aa Edici\u00f3n"},"content":{"rendered":"\t\t<div data-elementor-type=\"wp-post\" data-elementor-id=\"9938\" class=\"elementor elementor-9938\">\n\t\t\t\t<div class=\"elementor-element elementor-element-6df9a7c9 e-flex e-con-boxed e-con e-parent\" data-id=\"6df9a7c9\" data-element_type=\"container\" data-e-type=\"container\">\n\t\t\t\t\t<div class=\"e-con-inner\">\n\t\t\n\t\t<div class=\"elementor-element elementor-element-6a22be31 elementor-widget elementor-widget-text-editor\" data-id=\"6a22be31\" data-element_type=\"widget\" data-e-type=\"widget\" data-widget_type=\"text-editor.default\">\n\t\t\t\t<div class=\"elementor-widget-container\">\n\t\t\t\t\t\t\t\t\t<p>La interpretaci\u00f3n de los resultados de laboratorio es una habilidad esencial para los profesionales de la salud, ya que es fundamental para el diagn\u00f3stico y el tratamiento de las enfermedades. Los libros tradicionales sobre interpretaci\u00f3n de resultados de laboratorio pueden ser complejos y extensos, y se enfocan en la fisiolog\u00eda o la fisiopatolog\u00eda, en lugar de la interpretaci\u00f3n de los resultados en s\u00ed mismos. Este libro aborda la interpretaci\u00f3n de resultados de laboratorio de una manera pr\u00e1ctica y pragm\u00e1tica, centr\u00e1ndose en las causas m\u00e1s frecuentes de las alteraciones.<\/p><p>Es un compendio de consulta r\u00e1pida dise\u00f1ado para que, tanto los estudiantes avanzados de medicina durante sus pr\u00e1cticas cl\u00ednicas, los m\u00e9dicos que inician su actividad asistencial en salas de internaci\u00f3n y guardias, y otros profesionales de las ciencias de la salud, como enfermeros, bioqu\u00edmicos y t\u00e9cnicos, dispongan de una fuente de informaci\u00f3n y esclarecimiento de dudas para evaluar los an\u00e1lisis de sangre y entrenarse en la interpretaci\u00f3n de los resultados.<\/p>\t\t\t\t\t\t\t\t<\/div>\n\t\t\t\t<\/div>\n\t\t\t\t\t<\/div>\n\t\t\t\t<\/div>\n\t\t\t\t<\/div>\n\t\t","protected":false},"excerpt":{"rendered":"<p><strong>Autores:\u00a0<\/strong>Paul Hamilton<br \/>\n<strong>ISBN:<\/strong>\u00a09786078546930<br \/>\n<strong>Editorial:<\/strong>\u00a0Panamericana<br \/>\n<strong>Edici\u00f3n:<\/strong>\u00a01\u00aa<br \/>\n<strong>Especialidad<\/strong>: Hematolog\u00eda<br \/>\n<strong>P\u00e1ginas<\/strong>:\u00a0176<br \/>\n\u00a9 2024<\/p>\n","protected":false},"featured_media":9939,"comment_status":"open","ping_status":"closed","template":"","meta":{"_joinchat":[]},"product_cat":[124],"product_tag":[240,125,70],"class_list":{"0":"post-9938","1":"product","2":"type-product","3":"status-publish","4":"has-post-thumbnail","6":"product_cat-hematologia","7":"product_tag-240","8":"product_tag-hematologia","9":"product_tag-panamericana","11":"first","12":"instock","13":"featured","14":"taxable","15":"shipping-taxable","16":"purchasable","17":"product-type-simple"},"_links":{"self":[{"href":"https:\/\/edimeinter.com\/libreria\/wp-json\/wp\/v2\/product\/9938","targetHints":{"allow":["GET"]}}],"collection":[{"href":"https:\/\/edimeinter.com\/libreria\/wp-json\/wp\/v2\/product"}],"about":[{"href":"https:\/\/edimeinter.com\/libreria\/wp-json\/wp\/v2\/types\/product"}],"replies":[{"embeddable":true,"href":"https:\/\/edimeinter.com\/libreria\/wp-json\/wp\/v2\/comments?post=9938"}],"version-history":[{"count":1,"href":"https:\/\/edimeinter.com\/libreria\/wp-json\/wp\/v2\/product\/9938\/revisions"}],"predecessor-version":[{"id":14911,"href":"https:\/\/edimeinter.com\/libreria\/wp-json\/wp\/v2\/product\/9938\/revisions\/14911"}],"wp:featuredmedia":[{"embeddable":true,"href":"https:\/\/edimeinter.com\/libreria\/wp-json\/wp\/v2\/media\/9939"}],"wp:attachment":[{"href":"https:\/\/edimeinter.com\/libreria\/wp-json\/wp\/v2\/media?parent=9938"}],"wp:term":[{"taxonomy":"product_cat","embeddable":true,"href":"https:\/\/edimeinter.com\/libreria\/wp-json\/wp\/v2\/product_cat?post=9938"},{"taxonomy":"product_tag","embeddable":true,"href":"https:\/\/edimeinter.com\/libreria\/wp-json\/wp\/v2\/product_tag?post=9938"}],"curies":[{"name":"wp","href":"https:\/\/api.w.org\/{rel}","templated":true}]}}