{"id":9944,"date":"2025-02-04T14:47:26","date_gmt":"2025-02-04T14:47:26","guid":{"rendered":"https:\/\/edimeinter.com\/libreria\/?post_type=product&#038;p=9944"},"modified":"2025-03-09T20:38:57","modified_gmt":"2025-03-09T20:38:57","slug":"a-afasia-de-la-teoria-a-la-practica-incluye-ebook-2a-edicion","status":"publish","type":"product","link":"https:\/\/edimeinter.com\/libreria\/product\/a-afasia-de-la-teoria-a-la-practica-incluye-ebook-2a-edicion\/","title":{"rendered":"A Afasia. De la teor\u00eda a la pr\u00e1ctica. Incluye eBook. 2\u00aa Edici\u00f3n"},"content":{"rendered":"\t\t<div data-elementor-type=\"wp-post\" data-elementor-id=\"9944\" class=\"elementor elementor-9944\">\n\t\t\t\t<div class=\"elementor-element elementor-element-6df9a7c9 e-flex e-con-boxed e-con e-parent\" data-id=\"6df9a7c9\" data-element_type=\"container\" data-e-type=\"container\">\n\t\t\t\t\t<div class=\"e-con-inner\">\n\t\t\n\t\t<div class=\"elementor-element elementor-element-6a22be31 elementor-widget elementor-widget-text-editor\" data-id=\"6a22be31\" data-element_type=\"widget\" data-e-type=\"widget\" data-widget_type=\"text-editor.default\">\n\t\t\t\t<div class=\"elementor-widget-container\">\n\t\t\t\t\t\t\t\t\t<p>Esta nueva edici\u00f3n reflejara los cambios que se han dado en estos 10 a\u00f1os, como los avances tecnol\u00f3gicos y las lecciones que nos dej\u00f3 la pandemia. Se mantuvo la estructura general del libro ya que considerar tanto la teor\u00eda como la perspectiva cl\u00ednico-patol\u00f3gica sigue siendo relevante. En esta edici\u00f3n se hizo una revisi\u00f3n completa de los cap\u00edtulos, se actualiz\u00f3 la bibliograf\u00eda, se ampliaron los contenidos y se abordaron varios temas desde \u00e1ngulos nuevos.<\/p><p>Algunas de esta actualizaciones son: la secci\u00f3n sobre el COVID-19 como etiolog\u00eda de da\u00f1o cerebral; la biograf\u00eda de Monsieur Tan, el paciente m\u00e1s famoso en la historia de la afasiolog\u00eda; desarrollo del tema de la afasia progresiva primaria, la introducci\u00f3n del t\u00e9rmino apragmatismo para hacer referencia a las alteraciones en la comunicaci\u00f3n que se dan como resultado de da\u00f1o en el hemisferio derecho; se abordan aproximaciones complementarias a la terapia de lenguaje, entre ellas: los sistemas aumentativos y alternativos de comunicaci\u00f3n, el enfoque pragm\u00e1tico funcional, la musicoterapia, la arteterapia y el uso de nuevas tecnolog\u00edas; la depresi\u00f3n en las personas con afasia, incluyendo acciones para tratarla y prevenirla; se a\u00f1adi\u00f3 un cap\u00edtulo adicional dedicado a los familiares y cuidadores, con sugerencias pr\u00e1cticas para el d\u00eda a d\u00eda y finalmente se agregaron 70 nuevos t\u00e9rminos al Glosario.<\/p>\t\t\t\t\t\t\t\t<\/div>\n\t\t\t\t<\/div>\n\t\t\t\t\t<\/div>\n\t\t\t\t<\/div>\n\t\t\t\t<\/div>\n\t\t","protected":false},"excerpt":{"rendered":"<p><strong>Autores:\u00a0<\/strong>Paola Gonz\u00e1lez L\u00e1zaro,Beatriz Gonz\u00e1lez Ortu\u00f1o<br \/>\n<strong>ISBN:<\/strong>\u00a09786078546916<br \/>\n<strong>Editorial:<\/strong>\u00a0Panamericana<br \/>\n<strong>Edici\u00f3n:<\/strong>\u00a02\u00aa<br \/>\n<strong>Especialidad<\/strong>: Fonoaudiolog\u00eda<br \/>\n<strong>P\u00e1ginas<\/strong>:\u00a0232<br \/>\n\u00a9 2024<\/p>\n","protected":false},"featured_media":9945,"comment_status":"open","ping_status":"open","template":"","meta":{"_joinchat":[]},"product_cat":[126],"product_tag":[240,127,70],"class_list":{"0":"post-9944","1":"product","2":"type-product","3":"status-publish","4":"has-post-thumbnail","6":"product_cat-fonoaudiologia","7":"product_tag-240","8":"product_tag-fonoaudiologia","9":"product_tag-panamericana","11":"first","12":"instock","13":"featured","14":"taxable","15":"shipping-taxable","16":"purchasable","17":"product-type-simple"},"_links":{"self":[{"href":"https:\/\/edimeinter.com\/libreria\/wp-json\/wp\/v2\/product\/9944","targetHints":{"allow":["GET"]}}],"collection":[{"href":"https:\/\/edimeinter.com\/libreria\/wp-json\/wp\/v2\/product"}],"about":[{"href":"https:\/\/edimeinter.com\/libreria\/wp-json\/wp\/v2\/types\/product"}],"replies":[{"embeddable":true,"href":"https:\/\/edimeinter.com\/libreria\/wp-json\/wp\/v2\/comments?post=9944"}],"version-history":[{"count":2,"href":"https:\/\/edimeinter.com\/libreria\/wp-json\/wp\/v2\/product\/9944\/revisions"}],"predecessor-version":[{"id":14913,"href":"https:\/\/edimeinter.com\/libreria\/wp-json\/wp\/v2\/product\/9944\/revisions\/14913"}],"wp:featuredmedia":[{"embeddable":true,"href":"https:\/\/edimeinter.com\/libreria\/wp-json\/wp\/v2\/media\/9945"}],"wp:attachment":[{"href":"https:\/\/edimeinter.com\/libreria\/wp-json\/wp\/v2\/media?parent=9944"}],"wp:term":[{"taxonomy":"product_cat","embeddable":true,"href":"https:\/\/edimeinter.com\/libreria\/wp-json\/wp\/v2\/product_cat?post=9944"},{"taxonomy":"product_tag","embeddable":true,"href":"https:\/\/edimeinter.com\/libreria\/wp-json\/wp\/v2\/product_tag?post=9944"}],"curies":[{"name":"wp","href":"https:\/\/api.w.org\/{rel}","templated":true}]}}