{"id":9956,"date":"2025-02-04T14:53:45","date_gmt":"2025-02-04T14:53:45","guid":{"rendered":"https:\/\/edimeinter.com\/libreria\/?post_type=product&#038;p=9956"},"modified":"2025-03-09T20:01:30","modified_gmt":"2025-03-09T20:01:30","slug":"analisis-de-sangre-guia-practica-para-su-uso-e-interpretacion-incluye-ebook-1a-edicion-copia","status":"publish","type":"product","link":"https:\/\/edimeinter.com\/libreria\/product\/analisis-de-sangre-guia-practica-para-su-uso-e-interpretacion-incluye-ebook-1a-edicion-copia\/","title":{"rendered":"Gil. Tratado de Nutrici\u00f3n. Tomo 5. Nutrici\u00f3n y enfermedad. Incluye eBook. 4\u00aa Edici\u00f3n"},"content":{"rendered":"\t\t<div data-elementor-type=\"wp-post\" data-elementor-id=\"9956\" class=\"elementor elementor-9956\">\n\t\t\t\t<div class=\"elementor-element elementor-element-6df9a7c9 e-flex e-con-boxed e-con e-parent\" data-id=\"6df9a7c9\" data-element_type=\"container\" data-e-type=\"container\">\n\t\t\t\t\t<div class=\"e-con-inner\">\n\t\t\n\t\t<div class=\"elementor-element elementor-element-6a22be31 elementor-widget elementor-widget-text-editor\" data-id=\"6a22be31\" data-element_type=\"widget\" data-e-type=\"widget\" data-widget_type=\"text-editor.default\">\n\t\t\t\t<div class=\"elementor-widget-container\">\n\t\t\t\t\t\t\t\t\t<p>Este tratado a\u00fana y armoniza las bases fisiol\u00f3gicas, bioqu\u00edmicas y moleculares de la nutrici\u00f3n con los conocimientos relativos a la composici\u00f3n y el valor nutritivo de los alimentos, la nutrici\u00f3n en el estado de salud y la nutrici\u00f3n cl\u00ednica.<\/p><p>Esta nueva edici\u00f3n consta de 193 cap\u00edtulos agrupados por su tem\u00e1tica, en cinco tomos:<\/p><p>I. Bases fisiol\u00f3gicas y bioqu\u00edmicas de la nutrici\u00f3n<\/p><p>II. Bases moleculares de la nutrici\u00f3n<\/p><p>III. Composici\u00f3n y calidad nutritiva de los alimentos<\/p><p>IV. Nutrici\u00f3n humana en el estado de salud<\/p><p>V. Nutrici\u00f3n y enfermedad<\/p><p>El tomo V est\u00e1 dedicado a la nutrici\u00f3n en situaciones de enfermedad, considerando aquellas relacionadas con la nutrici\u00f3n, su diagn\u00f3stico y tratamiento. Estudia los requerimientos nutricionales en situaciones patol\u00f3gicas y se aborda la nutrici\u00f3n cl\u00ednica, tanto por v\u00eda enteral como parenteral, en diferentes enfermedades agudas y cr\u00f3nicas, en ni\u00f1os y en adultos, y en diferentes \u00e1mbitos asistenciales, el hospital y el domicilio. Adem\u00e1s, se presta especial atenci\u00f3n a algunos aspectos novedosos, como la nutrici\u00f3n en la COVID-19, la gesti\u00f3n en las unidades de nutrici\u00f3n cl\u00ednica y el derecho universal de los enfermos a ser nutridos correctamente.<\/p>\t\t\t\t\t\t\t\t<\/div>\n\t\t\t\t<\/div>\n\t\t\t\t\t<\/div>\n\t\t\t\t<\/div>\n\t\t\t\t<\/div>\n\t\t","protected":false},"excerpt":{"rendered":"<p><strong>Autores:\u00a0<\/strong>\u00c1ngel Gil Hern\u00e1ndez, Julia \u00c1lvarez Hern\u00e1ndez,Luisa Bordej\u00e9 Laguna, Cristina Cuerda Comp\u00e9s, Jos\u00e9 Maldonado Lozano, Miguel \u00c1ngel Mart\u00ednez Olmos, Pilar Mat\u00eda Mart\u00edn<br \/>\n<strong>ISBN:<\/strong>\u00a09788411061650<br \/>\n<strong>Editorial:<\/strong>\u00a0Panamericana<br \/>\n<strong>Edici\u00f3n:<\/strong>\u00a04\u00aa<br \/>\n<strong>Especialidad<\/strong>: Nutrici\u00f3n y Dietoterapia<br \/>\n<strong>P\u00e1ginas<\/strong>:\u00a01230<br \/>\n\u00a9 2025<\/p>\n","protected":false},"featured_media":9957,"comment_status":"open","ping_status":"open","template":"","meta":{"_joinchat":[]},"product_cat":[106],"product_tag":[239,107,70],"class_list":{"0":"post-9956","1":"product","2":"type-product","3":"status-publish","4":"has-post-thumbnail","6":"product_cat-nutricion-y-dietoterapia","7":"product_tag-239","8":"product_tag-nutricion-y-dietoterapia","9":"product_tag-panamericana","11":"first","12":"instock","13":"featured","14":"taxable","15":"shipping-taxable","16":"purchasable","17":"product-type-simple"},"_links":{"self":[{"href":"https:\/\/edimeinter.com\/libreria\/wp-json\/wp\/v2\/product\/9956","targetHints":{"allow":["GET"]}}],"collection":[{"href":"https:\/\/edimeinter.com\/libreria\/wp-json\/wp\/v2\/product"}],"about":[{"href":"https:\/\/edimeinter.com\/libreria\/wp-json\/wp\/v2\/types\/product"}],"replies":[{"embeddable":true,"href":"https:\/\/edimeinter.com\/libreria\/wp-json\/wp\/v2\/comments?post=9956"}],"version-history":[{"count":1,"href":"https:\/\/edimeinter.com\/libreria\/wp-json\/wp\/v2\/product\/9956\/revisions"}],"predecessor-version":[{"id":14916,"href":"https:\/\/edimeinter.com\/libreria\/wp-json\/wp\/v2\/product\/9956\/revisions\/14916"}],"wp:featuredmedia":[{"embeddable":true,"href":"https:\/\/edimeinter.com\/libreria\/wp-json\/wp\/v2\/media\/9957"}],"wp:attachment":[{"href":"https:\/\/edimeinter.com\/libreria\/wp-json\/wp\/v2\/media?parent=9956"}],"wp:term":[{"taxonomy":"product_cat","embeddable":true,"href":"https:\/\/edimeinter.com\/libreria\/wp-json\/wp\/v2\/product_cat?post=9956"},{"taxonomy":"product_tag","embeddable":true,"href":"https:\/\/edimeinter.com\/libreria\/wp-json\/wp\/v2\/product_tag?post=9956"}],"curies":[{"name":"wp","href":"https:\/\/api.w.org\/{rel}","templated":true}]}}